{"id":1058,"date":"2014-12-01T23:17:13","date_gmt":"2014-12-01T22:17:13","guid":{"rendered":"http:\/\/360.aktiv-panorama.de\/?page_id=1058"},"modified":"2025-05-08T10:59:00","modified_gmt":"2025-05-08T08:59:00","slug":"kontaktformular","status":"publish","type":"page","link":"https:\/\/www.aktiv-panorama.de\/?page_id=1058","title":{"rendered":"Kontakt"},"content":{"rendered":"<div class=\"gp-col-50 gpovh \" style=\"\">\n<h3>Wie k\u00f6nnen wir Ihnen weiterhelfen?<\/h3>\n<p>Haben Sie Fragen zu unseren Produkten oder Serviceleistungen?<br \/>\nW\u00fcnsche und besondere Vorstellungen zu Panoramaprojekten?<br \/>\nKommen Sie auf uns zu. Formulieren Sie Ihr Anliegen und nehmen Sie \u00fcber die folgende E-Mail-Adresse Kontakt mit uns auf:<\/p>\n<h1><a href=\"mailto:kontakt@aktiv-panorama.de\">kontakt@aktiv-panorama.de<\/a><\/h1>\n<p><strong>Sie d\u00fcrfen uns auch gerne anrufen: +49 (0)173\/3416133<\/strong><\/p>\n<p><a href=\"https:\/\/www.aktiv-panorama.de\"><img loading=\"lazy\" decoding=\"async\" class=\"aligncenter wp-image-8253 size-full\" src=\"https:\/\/www.aktiv-panorama.de\/wp-content\/uploads\/2016\/11\/Logo-Aktiv-Panorama-1024.png\" alt=\"Logo Aktiv Panorama 360\" width=\"1024\" height=\"832\" srcset=\"https:\/\/www.aktiv-panorama.de\/wp-content\/uploads\/2016\/11\/Logo-Aktiv-Panorama-1024.png 1024w, https:\/\/www.aktiv-panorama.de\/wp-content\/uploads\/2016\/11\/Logo-Aktiv-Panorama-1024-300x244.png 300w, https:\/\/www.aktiv-panorama.de\/wp-content\/uploads\/2016\/11\/Logo-Aktiv-Panorama-1024-768x624.png 768w, https:\/\/www.aktiv-panorama.de\/wp-content\/uploads\/2016\/11\/Logo-Aktiv-Panorama-1024-512x416.png 512w, https:\/\/www.aktiv-panorama.de\/wp-content\/uploads\/2016\/11\/Logo-Aktiv-Panorama-1024-256x208.png 256w\" sizes=\"auto, (max-width: 1024px) 100vw, 1024px\" \/><\/a><\/p>\n<\/div>\n<div class=\"gp-col-50 gpovh \" style=\"\">\n<p style=\"text-align: right;\">Ihre Nachricht geht an:<\/p>\n<h3 style=\"text-align: right;\">R\u00fcdiger Kottmann<\/h3>\n<p style=\"text-align: right;\">Fischerstra\u00dfe 29\/2<br \/>\nD-73061 Ebersbach an der Fils<\/p>\n<h4 style=\"text-align: right;\">Mobil: <strong>+49 (0)173\/3416133<\/strong><br \/>\nE-Mail: <a href=\"mailto:kontakt@aktiv-panorama.de\"><strong>kontakt@aktiv-panorama.de<\/strong><\/a><\/h4>\n<p>&nbsp;<\/p>\n<h4 style=\"text-align: right;\"><a href=\"https:\/\/www.aktiv-panorama.de\/?page_id=210\">Datenschutzbestimmungen<\/a><\/h4>\n<h4 style=\"text-align: right;\"><a href=\"https:\/\/www.aktiv-panorama.de\/?page_id=1050\">Impressum<\/a><\/h4>\n<h4 style=\"text-align: right;\"><a href=\"https:\/\/www.aktiv-panorama.de\/?page_id=8754\">AGB<\/a><\/h4>\n<h4><\/div><\/h4>\n","protected":false},"excerpt":{"rendered":"","protected":false},"author":1,"featured_media":0,"parent":1050,"menu_order":0,"comment_status":"closed","ping_status":"closed","template":"templates\/template-page-nosidebar.php","meta":{"footnotes":""},"class_list":["post-1058","page","type-page","status-publish","hentry"],"yoast_head":"<!-- This site is optimized with the Yoast SEO plugin v27.3 - https:\/\/yoast.com\/product\/yoast-seo-wordpress\/ -->\n<title>Kontaktformular f\u00fcr Anfragen, Angebote und Wunschvorstellungen<\/title>\n<meta name=\"description\" content=\"\u00dcber unser Kontaktformular k\u00f6nnen Sie sich bequem und unkompliziert mit uns in Verbindung setzen. Gerne machen wir Ihnen ein Angebot und beraten individuell\" \/>\n<meta name=\"robots\" content=\"index, follow, max-snippet:-1, max-image-preview:large, max-video-preview:-1\" \/>\n<link rel=\"canonical\" href=\"https:\/\/www.aktiv-panorama.de\/?page_id=1058\" \/>\n<meta property=\"og:locale\" content=\"de_DE\" \/>\n<meta property=\"og:type\" content=\"article\" \/>\n<meta property=\"og:title\" content=\"Kontaktformular f\u00fcr Anfragen, Angebote und Wunschvorstellungen\" \/>\n<meta property=\"og:description\" content=\"\u00dcber unser Kontaktformular k\u00f6nnen Sie sich bequem und unkompliziert mit uns in Verbindung setzen. Gerne machen wir Ihnen ein Angebot und beraten individuell\" \/>\n<meta property=\"og:url\" content=\"https:\/\/www.aktiv-panorama.de\/?page_id=1058\" \/>\n<meta property=\"og:site_name\" content=\"Aktiv-Panorama\" \/>\n<meta property=\"article:modified_time\" content=\"2025-05-08T08:59:00+00:00\" \/>\n<meta property=\"og:image\" content=\"https:\/\/www.aktiv-panorama.de\/wp-content\/uploads\/2016\/11\/Logo-Aktiv-Panorama-1024.png\" \/>\n<script type=\"application\/ld+json\" class=\"yoast-schema-graph\">{\"@context\":\"https:\\\/\\\/schema.org\",\"@graph\":[{\"@type\":\"WebPage\",\"@id\":\"https:\\\/\\\/www.aktiv-panorama.de\\\/?page_id=1058\",\"url\":\"https:\\\/\\\/www.aktiv-panorama.de\\\/?page_id=1058\",\"name\":\"Kontaktformular f\u00fcr Anfragen, Angebote und Wunschvorstellungen\",\"isPartOf\":{\"@id\":\"https:\\\/\\\/www.aktiv-panorama.de\\\/#website\"},\"primaryImageOfPage\":{\"@id\":\"https:\\\/\\\/www.aktiv-panorama.de\\\/?page_id=1058#primaryimage\"},\"image\":{\"@id\":\"https:\\\/\\\/www.aktiv-panorama.de\\\/?page_id=1058#primaryimage\"},\"thumbnailUrl\":\"http:\\\/\\\/www.aktiv-panorama.de\\\/wp-content\\\/uploads\\\/2016\\\/11\\\/Logo-Aktiv-Panorama-1024.png\",\"datePublished\":\"2014-12-01T22:17:13+00:00\",\"dateModified\":\"2025-05-08T08:59:00+00:00\",\"description\":\"\u00dcber unser Kontaktformular k\u00f6nnen Sie sich bequem und unkompliziert mit uns in Verbindung setzen. Gerne machen wir Ihnen ein Angebot und beraten individuell\",\"breadcrumb\":{\"@id\":\"https:\\\/\\\/www.aktiv-panorama.de\\\/?page_id=1058#breadcrumb\"},\"inLanguage\":\"de\",\"potentialAction\":[{\"@type\":\"ReadAction\",\"target\":[\"https:\\\/\\\/www.aktiv-panorama.de\\\/?page_id=1058\"]}]},{\"@type\":\"ImageObject\",\"inLanguage\":\"de\",\"@id\":\"https:\\\/\\\/www.aktiv-panorama.de\\\/?page_id=1058#primaryimage\",\"url\":\"https:\\\/\\\/www.aktiv-panorama.de\\\/wp-content\\\/uploads\\\/2016\\\/11\\\/Logo-Aktiv-Panorama-1024.png\",\"contentUrl\":\"https:\\\/\\\/www.aktiv-panorama.de\\\/wp-content\\\/uploads\\\/2016\\\/11\\\/Logo-Aktiv-Panorama-1024.png\",\"width\":1024,\"height\":832,\"caption\":\"Logo Icon Aktiv Panorama 360\"},{\"@type\":\"BreadcrumbList\",\"@id\":\"https:\\\/\\\/www.aktiv-panorama.de\\\/?page_id=1058#breadcrumb\",\"itemListElement\":[{\"@type\":\"ListItem\",\"position\":1,\"name\":\"Startseite\",\"item\":\"https:\\\/\\\/www.aktiv-panorama.de\\\/\"},{\"@type\":\"ListItem\",\"position\":2,\"name\":\"Impressum\",\"item\":\"https:\\\/\\\/www.aktiv-panorama.de\\\/?page_id=1050\"},{\"@type\":\"ListItem\",\"position\":3,\"name\":\"Kontakt\"}]},{\"@type\":\"WebSite\",\"@id\":\"https:\\\/\\\/www.aktiv-panorama.de\\\/#website\",\"url\":\"https:\\\/\\\/www.aktiv-panorama.de\\\/\",\"name\":\"Aktiv-Panorama\",\"description\":\"360\u00b0-Panoramafotografie\",\"publisher\":{\"@id\":\"https:\\\/\\\/www.aktiv-panorama.de\\\/#organization\"},\"potentialAction\":[{\"@type\":\"SearchAction\",\"target\":{\"@type\":\"EntryPoint\",\"urlTemplate\":\"https:\\\/\\\/www.aktiv-panorama.de\\\/?s={search_term_string}\"},\"query-input\":{\"@type\":\"PropertyValueSpecification\",\"valueRequired\":true,\"valueName\":\"search_term_string\"}}],\"inLanguage\":\"de\"},{\"@type\":\"Organization\",\"@id\":\"https:\\\/\\\/www.aktiv-panorama.de\\\/#organization\",\"name\":\"Panorama-Fotografie\",\"url\":\"https:\\\/\\\/www.aktiv-panorama.de\\\/\",\"logo\":{\"@type\":\"ImageObject\",\"inLanguage\":\"de\",\"@id\":\"https:\\\/\\\/www.aktiv-panorama.de\\\/#\\\/schema\\\/logo\\\/image\\\/\",\"url\":\"https:\\\/\\\/i0.wp.com\\\/www.aktiv-panorama.de\\\/wp-content\\\/uploads\\\/2014\\\/11\\\/logo_aktiv-panorama-360_250px.png?fit=250%2C239\",\"contentUrl\":\"https:\\\/\\\/i0.wp.com\\\/www.aktiv-panorama.de\\\/wp-content\\\/uploads\\\/2014\\\/11\\\/logo_aktiv-panorama-360_250px.png?fit=250%2C239\",\"width\":250,\"height\":239,\"caption\":\"Panorama-Fotografie\"},\"image\":{\"@id\":\"https:\\\/\\\/www.aktiv-panorama.de\\\/#\\\/schema\\\/logo\\\/image\\\/\"}}]}<\/script>\n<!-- \/ Yoast SEO plugin. -->","yoast_head_json":{"title":"Kontaktformular f\u00fcr Anfragen, Angebote und Wunschvorstellungen","description":"\u00dcber unser Kontaktformular k\u00f6nnen Sie sich bequem und unkompliziert mit uns in Verbindung setzen. Gerne machen wir Ihnen ein Angebot und beraten individuell","robots":{"index":"index","follow":"follow","max-snippet":"max-snippet:-1","max-image-preview":"max-image-preview:large","max-video-preview":"max-video-preview:-1"},"canonical":"https:\/\/www.aktiv-panorama.de\/?page_id=1058","og_locale":"de_DE","og_type":"article","og_title":"Kontaktformular f\u00fcr Anfragen, Angebote und Wunschvorstellungen","og_description":"\u00dcber unser Kontaktformular k\u00f6nnen Sie sich bequem und unkompliziert mit uns in Verbindung setzen. Gerne machen wir Ihnen ein Angebot und beraten individuell","og_url":"https:\/\/www.aktiv-panorama.de\/?page_id=1058","og_site_name":"Aktiv-Panorama","article_modified_time":"2025-05-08T08:59:00+00:00","og_image":[{"url":"https:\/\/www.aktiv-panorama.de\/wp-content\/uploads\/2016\/11\/Logo-Aktiv-Panorama-1024.png","type":"","width":"","height":""}],"schema":{"@context":"https:\/\/schema.org","@graph":[{"@type":"WebPage","@id":"https:\/\/www.aktiv-panorama.de\/?page_id=1058","url":"https:\/\/www.aktiv-panorama.de\/?page_id=1058","name":"Kontaktformular f\u00fcr Anfragen, Angebote und Wunschvorstellungen","isPartOf":{"@id":"https:\/\/www.aktiv-panorama.de\/#website"},"primaryImageOfPage":{"@id":"https:\/\/www.aktiv-panorama.de\/?page_id=1058#primaryimage"},"image":{"@id":"https:\/\/www.aktiv-panorama.de\/?page_id=1058#primaryimage"},"thumbnailUrl":"https:\/\/www.aktiv-panorama.de\/wp-content\/uploads\/2016\/11\/Logo-Aktiv-Panorama-1024.png","datePublished":"2014-12-01T22:17:13+00:00","dateModified":"2025-05-08T08:59:00+00:00","description":"\u00dcber unser Kontaktformular k\u00f6nnen Sie sich bequem und unkompliziert mit uns in Verbindung setzen. Gerne machen wir Ihnen ein Angebot und beraten individuell","breadcrumb":{"@id":"https:\/\/www.aktiv-panorama.de\/?page_id=1058#breadcrumb"},"inLanguage":"de","potentialAction":[{"@type":"ReadAction","target":["https:\/\/www.aktiv-panorama.de\/?page_id=1058"]}]},{"@type":"ImageObject","inLanguage":"de","@id":"https:\/\/www.aktiv-panorama.de\/?page_id=1058#primaryimage","url":"https:\/\/www.aktiv-panorama.de\/wp-content\/uploads\/2016\/11\/Logo-Aktiv-Panorama-1024.png","contentUrl":"https:\/\/www.aktiv-panorama.de\/wp-content\/uploads\/2016\/11\/Logo-Aktiv-Panorama-1024.png","width":1024,"height":832,"caption":"Logo Icon Aktiv Panorama 360"},{"@type":"BreadcrumbList","@id":"https:\/\/www.aktiv-panorama.de\/?page_id=1058#breadcrumb","itemListElement":[{"@type":"ListItem","position":1,"name":"Startseite","item":"https:\/\/www.aktiv-panorama.de\/"},{"@type":"ListItem","position":2,"name":"Impressum","item":"https:\/\/www.aktiv-panorama.de\/?page_id=1050"},{"@type":"ListItem","position":3,"name":"Kontakt"}]},{"@type":"WebSite","@id":"https:\/\/www.aktiv-panorama.de\/#website","url":"https:\/\/www.aktiv-panorama.de\/","name":"Aktiv-Panorama","description":"360\u00b0-Panoramafotografie","publisher":{"@id":"https:\/\/www.aktiv-panorama.de\/#organization"},"potentialAction":[{"@type":"SearchAction","target":{"@type":"EntryPoint","urlTemplate":"https:\/\/www.aktiv-panorama.de\/?s={search_term_string}"},"query-input":{"@type":"PropertyValueSpecification","valueRequired":true,"valueName":"search_term_string"}}],"inLanguage":"de"},{"@type":"Organization","@id":"https:\/\/www.aktiv-panorama.de\/#organization","name":"Panorama-Fotografie","url":"https:\/\/www.aktiv-panorama.de\/","logo":{"@type":"ImageObject","inLanguage":"de","@id":"https:\/\/www.aktiv-panorama.de\/#\/schema\/logo\/image\/","url":"https:\/\/i0.wp.com\/www.aktiv-panorama.de\/wp-content\/uploads\/2014\/11\/logo_aktiv-panorama-360_250px.png?fit=250%2C239","contentUrl":"https:\/\/i0.wp.com\/www.aktiv-panorama.de\/wp-content\/uploads\/2014\/11\/logo_aktiv-panorama-360_250px.png?fit=250%2C239","width":250,"height":239,"caption":"Panorama-Fotografie"},"image":{"@id":"https:\/\/www.aktiv-panorama.de\/#\/schema\/logo\/image\/"}}]}},"_links":{"self":[{"href":"https:\/\/www.aktiv-panorama.de\/index.php?rest_route=\/wp\/v2\/pages\/1058","targetHints":{"allow":["GET"]}}],"collection":[{"href":"https:\/\/www.aktiv-panorama.de\/index.php?rest_route=\/wp\/v2\/pages"}],"about":[{"href":"https:\/\/www.aktiv-panorama.de\/index.php?rest_route=\/wp\/v2\/types\/page"}],"author":[{"embeddable":true,"href":"https:\/\/www.aktiv-panorama.de\/index.php?rest_route=\/wp\/v2\/users\/1"}],"replies":[{"embeddable":true,"href":"https:\/\/www.aktiv-panorama.de\/index.php?rest_route=%2Fwp%2Fv2%2Fcomments&post=1058"}],"version-history":[{"count":2,"href":"https:\/\/www.aktiv-panorama.de\/index.php?rest_route=\/wp\/v2\/pages\/1058\/revisions"}],"predecessor-version":[{"id":11834,"href":"https:\/\/www.aktiv-panorama.de\/index.php?rest_route=\/wp\/v2\/pages\/1058\/revisions\/11834"}],"up":[{"embeddable":true,"href":"https:\/\/www.aktiv-panorama.de\/index.php?rest_route=\/wp\/v2\/pages\/1050"}],"wp:attachment":[{"href":"https:\/\/www.aktiv-panorama.de\/index.php?rest_route=%2Fwp%2Fv2%2Fmedia&parent=1058"}],"curies":[{"name":"wp","href":"https:\/\/api.w.org\/{rel}","templated":true}]}}