{"id":1145,"date":"2014-12-03T18:14:21","date_gmt":"2014-12-03T17:14:21","guid":{"rendered":"http:\/\/360.aktiv-panorama.de\/?page_id=1145"},"modified":"2018-12-10T18:58:58","modified_gmt":"2018-12-10T16:58:58","slug":"studie-buchungsteigerung","status":"publish","type":"page","link":"https:\/\/www.aktiv-panorama.de\/?page_id=1145","title":{"rendered":"Studie Buchungsteigerung"},"content":{"rendered":"<div class=\"gp-wrap gpcenter gpovh entry-sep bwi-entry-sep\" style=\"\"><\/div>\n<div class=\"gp-wrap gpcenter gpovh accent-bg-nh fp-bf-container\" style=\"\"> <div class=\"gp-container gpcenter gpovh \" style=\"\">\n<h1 class=\"main-desc\" style=\"text-align: center;\"><span style=\"color: #dbdbdb;\">Studie \u00fcber die Buchungsteigerung bei Hotel-Webseiten<br \/>\n<\/span><\/h1>\n<div class=\"fp-bf-underline tac\" style=\"\"><\/div><\/div><\/div>\n<p>&nbsp;<\/p>\n<h4 style=\"text-align: justify;\">48% Buchungsteigerung durch virtuelle Tour mit 360 Grad Panorama Fotos Best Western erwartet deutlich mehr Online-Reservierungen f\u00fcr seine insgesamt 2.400 Hotels in Nordamerika durch den Einsatz von virtuellen 360\u00b0-Touren.<\/h4>\n<p>PHOENIX, 25. August 2005<\/p>\n<p style=\"text-align: justify;\">Best Western International hat eine umfangreiche Initiative gestartet, bei der virtuelle 360\u00b0-Touren f\u00fcr jedes seiner 2.400 Hotels in Nordamerika bis zum n\u00e4chsten Fr\u00fchjahr angeboten werden. Rechtzeitig zur Sommerreisesaison 2006 k\u00f6nnen Kunden, die \u00fcber die Webseite www.bestwestern.com online buchen, f\u00fcnf charakteristische virtuelle Tours jedes Anwesens in den USA, in Kanada sowie in der Karibik ansehen. Jedes Anwesen wird durch eine 360\u00b0-Tour der Au\u00dfenanlage, eines durchschnittliche G\u00e4stezimmers und eines Zimmers oder einer Suite der Extraklasse sowie zwei weiterer stellvertretender Bereiche des Hotels, wie z.B. Pool, Konferenzzimmer oder Restaurant dargestellt.<\/p>\n<p style=\"text-align: justify;\">Die umfassende Investierung durch Best Western in diese virtuellen Touren, die bis zur Komplettierung ca. 10 bis 11 Monate in Anspruch nehmen wird, verdeutlicht den wachsenden Stellenwert von Visuals (Fotos oder Videos) in Bezug auf die Entscheidung des Kunden, seine Reise online buchen zu wollen. Laut einer Untersuchung durch Yesawich, Pepperdine, Brown &amp; Russell und Yankelovich Partners sind 57% aller Freizeit- und 46% aller Businessreisenden der Meinung, dass eine virtuelle Tour auf der Webseite eines Hotels \u201esehr w\u00fcnschenswert\u201c ist. Des Weiteren erzeugen laut DoubleClick ergiebige Medienmittel &#8211; d.h. virtuelle Touren &#8211; 46% mehr Reservierungen im Vergleich zu Standbildern.<\/p>\n<p style=\"text-align: justify;\">\u201eNachdem \u00fcber die H\u00e4lfte unserer Reservierungen online get\u00e4tigt werden, ist es unabdingbar, dass wir die Information und Bilder anbieten, die unsere Kunden zum Treffen ihrer Entscheidung w\u00fcnschen und ben\u00f6tigen,\u201c sagt David Kong, Pr\u00e4sident des Best Western International. Unsere Untersuchungen zeigen eindeutig, dass detaillierte Bilder, die spezielle Hauptattraktionen und Vorz\u00fcge eines Anwesens darstellen, eine gro\u00dfe Rolle beim Buchungsverfahren spielen.<\/p>\n<p style=\"text-align: justify;\">Die Entscheidung der Hotelkette, virtuelle Touren einzusetzen, stellt ein weiteres Mittel dar, durch welches Kapital aus Online-Reservierungen geschlagen werden kann. Letztes Jahr sind Buchungen allein auf der Webseite des Unternehmens um fast 48% gestiegen. Seit Januar 2005 verbucht Best Western Einnahmen in H\u00f6he von 1 Million $ pro Tag.<\/p>\n<p style=\"text-align: justify;\">\u201eAuf dem Markt gehen wir davon aus, dass uns der Einsatz von virtuellen Touren einen erheblichen Vorteil bringen wird und auch das Wachstum unserer Online-Einnahmen weiter steigern,\u201c sagte Kong.<\/p>\n<p style=\"text-align: justify;\">Es wird erwartet, dass das Projekt, das ein Team von 75 Personen umfasst, mehr als 24.000 Stunden in Anspruch nehmen wird. Produktionsmannschafte werden \u00fcber 350.000 Meilen zur\u00fccklegen, um etwa 12.000 virtuelle Tourbilder einzusammeln.<\/p>\n<p style=\"text-align: justify;\">Zu den 360\u00b0-Tourbildern, wird Best Western noch 8 neue Standfotos pro Anwesen, d.h. eine Kombination aus Fotos im Inneren und \u00c4u\u00dferen der Anlagen hinzuf\u00fcgen. Eine weitere von bestwestern.com durchgef\u00fchrte Verbesserung war die \u00dcbersetzung des Inhalts in die franz\u00f6sische, deutsche, italienische, spanische, chinesische, japanische und koreanische Sprachen.<\/p>\n<p style=\"text-align: justify;\">\u00dcber Best Western International<\/p>\n<p style=\"text-align: justify;\">Best Western International ist die weltgr\u00f6\u00dfte Hotelkette mit \u00dcber 4.100 Hotels in insgesamt 80 L\u00e4ndern. Es handelt sich um einen Mitgliederverband aus imunabh\u00e4ngigen Besitz befindlichen Hotels, der alle Mitglieder mit dem Marketing, der Reservierungen sowie der betrieblichen Unterst\u00fctzung versorgt.<\/p>\n<p style=\"text-align: justify;\">Quelle: www.bestwestern.com<\/p>\n","protected":false},"excerpt":{"rendered":"<p>&nbsp; 48% Buchungsteigerung durch virtuelle Tour mit 360 Grad Panorama Fotos Best Western erwartet deutlich mehr Online-Reservierungen f\u00fcr seine insgesamt 2.400 Hotels in Nordamerika durch den Einsatz von virtuellen 360\u00b0-Touren. PHOENIX, 25. August 2005 Best Western International hat eine umfangreiche Initiative gestartet, bei der virtuelle 360\u00b0-Touren f\u00fcr jedes seiner 2.400 Hotels in Nordamerika bis zum [&hellip;]<\/p>\n","protected":false},"author":1,"featured_media":0,"parent":215,"menu_order":0,"comment_status":"closed","ping_status":"closed","template":"templates\/template-page-nosidebar.php","meta":{"footnotes":""},"class_list":["post-1145","page","type-page","status-publish","hentry"],"yoast_head":"<!-- This site is optimized with the Yoast SEO plugin v27.6 - https:\/\/yoast.com\/product\/yoast-seo-wordpress\/ -->\n<title>Buchungsteigerung in Hotels duch 360\u00b0-Touren<\/title>\n<meta name=\"description\" content=\"Eine Studie der Hotelkette Best-Western belegt, dass sich deren Buchungsrate seit der Nutzung von 360\u00b0 Panoramen im Internet um 48% erh\u00f6ht hat.\" \/>\n<meta name=\"robots\" content=\"index, follow, max-snippet:-1, max-image-preview:large, max-video-preview:-1\" \/>\n<link rel=\"canonical\" href=\"https:\/\/www.aktiv-panorama.de\/?page_id=1145\" \/>\n<meta property=\"og:locale\" content=\"de_DE\" \/>\n<meta property=\"og:type\" content=\"article\" \/>\n<meta property=\"og:title\" content=\"Buchungsteigerung in Hotels duch 360\u00b0-Touren\" \/>\n<meta property=\"og:description\" content=\"Eine Studie der Hotelkette Best-Western belegt, dass sich deren Buchungsrate seit der Nutzung von 360\u00b0 Panoramen im Internet um 48% erh\u00f6ht hat.\" \/>\n<meta property=\"og:url\" content=\"https:\/\/www.aktiv-panorama.de\/?page_id=1145\" \/>\n<meta property=\"og:site_name\" content=\"Aktiv-Panorama\" \/>\n<meta property=\"article:modified_time\" content=\"2018-12-10T16:58:58+00:00\" \/>\n<meta name=\"twitter:label1\" content=\"Gesch\u00e4tzte Lesezeit\" \/>\n\t<meta name=\"twitter:data1\" content=\"3\u00a0Minuten\" \/>\n<script type=\"application\/ld+json\" class=\"yoast-schema-graph\">{\"@context\":\"https:\\\/\\\/schema.org\",\"@graph\":[{\"@type\":\"WebPage\",\"@id\":\"https:\\\/\\\/www.aktiv-panorama.de\\\/?page_id=1145\",\"url\":\"https:\\\/\\\/www.aktiv-panorama.de\\\/?page_id=1145\",\"name\":\"Buchungsteigerung in Hotels duch 360\u00b0-Touren\",\"isPartOf\":{\"@id\":\"https:\\\/\\\/www.aktiv-panorama.de\\\/#website\"},\"datePublished\":\"2014-12-03T17:14:21+00:00\",\"dateModified\":\"2018-12-10T16:58:58+00:00\",\"description\":\"Eine Studie der Hotelkette Best-Western belegt, dass sich deren Buchungsrate seit der Nutzung von 360\u00b0 Panoramen im Internet um 48% erh\u00f6ht hat.\",\"breadcrumb\":{\"@id\":\"https:\\\/\\\/www.aktiv-panorama.de\\\/?page_id=1145#breadcrumb\"},\"inLanguage\":\"de\",\"potentialAction\":[{\"@type\":\"ReadAction\",\"target\":[\"https:\\\/\\\/www.aktiv-panorama.de\\\/?page_id=1145\"]}]},{\"@type\":\"BreadcrumbList\",\"@id\":\"https:\\\/\\\/www.aktiv-panorama.de\\\/?page_id=1145#breadcrumb\",\"itemListElement\":[{\"@type\":\"ListItem\",\"position\":1,\"name\":\"Startseite\",\"item\":\"https:\\\/\\\/www.aktiv-panorama.de\\\/\"},{\"@type\":\"ListItem\",\"position\":2,\"name\":\"Preise\",\"item\":\"https:\\\/\\\/www.aktiv-panorama.de\\\/?page_id=215\"},{\"@type\":\"ListItem\",\"position\":3,\"name\":\"Studie Buchungsteigerung\"}]},{\"@type\":\"WebSite\",\"@id\":\"https:\\\/\\\/www.aktiv-panorama.de\\\/#website\",\"url\":\"https:\\\/\\\/www.aktiv-panorama.de\\\/\",\"name\":\"Aktiv-Panorama\",\"description\":\"360\u00b0-Panoramafotografie\",\"publisher\":{\"@id\":\"https:\\\/\\\/www.aktiv-panorama.de\\\/#organization\"},\"potentialAction\":[{\"@type\":\"SearchAction\",\"target\":{\"@type\":\"EntryPoint\",\"urlTemplate\":\"https:\\\/\\\/www.aktiv-panorama.de\\\/?s={search_term_string}\"},\"query-input\":{\"@type\":\"PropertyValueSpecification\",\"valueRequired\":true,\"valueName\":\"search_term_string\"}}],\"inLanguage\":\"de\"},{\"@type\":\"Organization\",\"@id\":\"https:\\\/\\\/www.aktiv-panorama.de\\\/#organization\",\"name\":\"Panorama-Fotografie\",\"url\":\"https:\\\/\\\/www.aktiv-panorama.de\\\/\",\"logo\":{\"@type\":\"ImageObject\",\"inLanguage\":\"de\",\"@id\":\"https:\\\/\\\/www.aktiv-panorama.de\\\/#\\\/schema\\\/logo\\\/image\\\/\",\"url\":\"https:\\\/\\\/i0.wp.com\\\/www.aktiv-panorama.de\\\/wp-content\\\/uploads\\\/2014\\\/11\\\/logo_aktiv-panorama-360_250px.png?fit=250%2C239\",\"contentUrl\":\"https:\\\/\\\/i0.wp.com\\\/www.aktiv-panorama.de\\\/wp-content\\\/uploads\\\/2014\\\/11\\\/logo_aktiv-panorama-360_250px.png?fit=250%2C239\",\"width\":250,\"height\":239,\"caption\":\"Panorama-Fotografie\"},\"image\":{\"@id\":\"https:\\\/\\\/www.aktiv-panorama.de\\\/#\\\/schema\\\/logo\\\/image\\\/\"}}]}<\/script>\n<!-- \/ Yoast SEO plugin. -->","yoast_head_json":{"title":"Buchungsteigerung in Hotels duch 360\u00b0-Touren","description":"Eine Studie der Hotelkette Best-Western belegt, dass sich deren Buchungsrate seit der Nutzung von 360\u00b0 Panoramen im Internet um 48% erh\u00f6ht hat.","robots":{"index":"index","follow":"follow","max-snippet":"max-snippet:-1","max-image-preview":"max-image-preview:large","max-video-preview":"max-video-preview:-1"},"canonical":"https:\/\/www.aktiv-panorama.de\/?page_id=1145","og_locale":"de_DE","og_type":"article","og_title":"Buchungsteigerung in Hotels duch 360\u00b0-Touren","og_description":"Eine Studie der Hotelkette Best-Western belegt, dass sich deren Buchungsrate seit der Nutzung von 360\u00b0 Panoramen im Internet um 48% erh\u00f6ht hat.","og_url":"https:\/\/www.aktiv-panorama.de\/?page_id=1145","og_site_name":"Aktiv-Panorama","article_modified_time":"2018-12-10T16:58:58+00:00","twitter_misc":{"Gesch\u00e4tzte Lesezeit":"3\u00a0Minuten"},"schema":{"@context":"https:\/\/schema.org","@graph":[{"@type":"WebPage","@id":"https:\/\/www.aktiv-panorama.de\/?page_id=1145","url":"https:\/\/www.aktiv-panorama.de\/?page_id=1145","name":"Buchungsteigerung in Hotels duch 360\u00b0-Touren","isPartOf":{"@id":"https:\/\/www.aktiv-panorama.de\/#website"},"datePublished":"2014-12-03T17:14:21+00:00","dateModified":"2018-12-10T16:58:58+00:00","description":"Eine Studie der Hotelkette Best-Western belegt, dass sich deren Buchungsrate seit der Nutzung von 360\u00b0 Panoramen im Internet um 48% erh\u00f6ht hat.","breadcrumb":{"@id":"https:\/\/www.aktiv-panorama.de\/?page_id=1145#breadcrumb"},"inLanguage":"de","potentialAction":[{"@type":"ReadAction","target":["https:\/\/www.aktiv-panorama.de\/?page_id=1145"]}]},{"@type":"BreadcrumbList","@id":"https:\/\/www.aktiv-panorama.de\/?page_id=1145#breadcrumb","itemListElement":[{"@type":"ListItem","position":1,"name":"Startseite","item":"https:\/\/www.aktiv-panorama.de\/"},{"@type":"ListItem","position":2,"name":"Preise","item":"https:\/\/www.aktiv-panorama.de\/?page_id=215"},{"@type":"ListItem","position":3,"name":"Studie Buchungsteigerung"}]},{"@type":"WebSite","@id":"https:\/\/www.aktiv-panorama.de\/#website","url":"https:\/\/www.aktiv-panorama.de\/","name":"Aktiv-Panorama","description":"360\u00b0-Panoramafotografie","publisher":{"@id":"https:\/\/www.aktiv-panorama.de\/#organization"},"potentialAction":[{"@type":"SearchAction","target":{"@type":"EntryPoint","urlTemplate":"https:\/\/www.aktiv-panorama.de\/?s={search_term_string}"},"query-input":{"@type":"PropertyValueSpecification","valueRequired":true,"valueName":"search_term_string"}}],"inLanguage":"de"},{"@type":"Organization","@id":"https:\/\/www.aktiv-panorama.de\/#organization","name":"Panorama-Fotografie","url":"https:\/\/www.aktiv-panorama.de\/","logo":{"@type":"ImageObject","inLanguage":"de","@id":"https:\/\/www.aktiv-panorama.de\/#\/schema\/logo\/image\/","url":"https:\/\/i0.wp.com\/www.aktiv-panorama.de\/wp-content\/uploads\/2014\/11\/logo_aktiv-panorama-360_250px.png?fit=250%2C239","contentUrl":"https:\/\/i0.wp.com\/www.aktiv-panorama.de\/wp-content\/uploads\/2014\/11\/logo_aktiv-panorama-360_250px.png?fit=250%2C239","width":250,"height":239,"caption":"Panorama-Fotografie"},"image":{"@id":"https:\/\/www.aktiv-panorama.de\/#\/schema\/logo\/image\/"}}]}},"_links":{"self":[{"href":"https:\/\/www.aktiv-panorama.de\/index.php?rest_route=\/wp\/v2\/pages\/1145","targetHints":{"allow":["GET"]}}],"collection":[{"href":"https:\/\/www.aktiv-panorama.de\/index.php?rest_route=\/wp\/v2\/pages"}],"about":[{"href":"https:\/\/www.aktiv-panorama.de\/index.php?rest_route=\/wp\/v2\/types\/page"}],"author":[{"embeddable":true,"href":"https:\/\/www.aktiv-panorama.de\/index.php?rest_route=\/wp\/v2\/users\/1"}],"replies":[{"embeddable":true,"href":"https:\/\/www.aktiv-panorama.de\/index.php?rest_route=%2Fwp%2Fv2%2Fcomments&post=1145"}],"version-history":[{"count":0,"href":"https:\/\/www.aktiv-panorama.de\/index.php?rest_route=\/wp\/v2\/pages\/1145\/revisions"}],"up":[{"embeddable":true,"href":"https:\/\/www.aktiv-panorama.de\/index.php?rest_route=\/wp\/v2\/pages\/215"}],"wp:attachment":[{"href":"https:\/\/www.aktiv-panorama.de\/index.php?rest_route=%2Fwp%2Fv2%2Fmedia&parent=1145"}],"curies":[{"name":"wp","href":"https:\/\/api.w.org\/{rel}","templated":true}]}}