{"id":11459,"date":"2024-01-06T16:34:19","date_gmt":"2024-01-06T14:34:19","guid":{"rendered":"https:\/\/www.aktiv-panorama.de\/?page_id=11459"},"modified":"2024-01-06T17:29:25","modified_gmt":"2024-01-06T15:29:25","slug":"aerial-panorama-workflow-mit-der-drohne","status":"publish","type":"page","link":"https:\/\/www.aktiv-panorama.de\/?page_id=11459","title":{"rendered":"Aerial-Panorama-Workflow mit der Drohne"},"content":{"rendered":"<p>360\u00b0-Panoramen aus luftigen H\u00f6hen sind beeindruckend und einzigartig. Aussichten aus \u00fcber 100 Metern H\u00f6he sind einfach faszinierend.<\/p>\n<p>Die hier gezeigten Aerial-Panorama-Touren wurden \/ werden mit folgenden Drohnen erstellt:<\/p>\n<ul>\n<li>DJI Mavic 3<\/li>\n<li>DJI Mini 3 Pro<\/li>\n<li>DJI Mini 2<\/li>\n<li><i>(Yuneec Q500 Typhoon G \u2013 mit GoPro Hero)<\/i><\/li>\n<\/ul>\n<p>Zurzeit starten die beiden DJI Modelle Mavic 3 und Mini 3 Pro.<br \/>\n(Die Mini 2 wurde im Fr\u00fchjahr 2012 ausgemustert und durch die Mini 3 Pro ersetzt, die Yuneec Q500 hatte von Ende 2016 bis 2019 ihre Flugzeiten.)<\/p>\n<p><b>Mit welchem Aufwand werden derartige Aerial-Panorama-Touren erstellt?<span class=\"Apple-converted-space\">\u00a0<\/span><\/b><\/p>\n<p>Nicht alle, aber sehr viele Aufnahmen wurden in H\u00f6hen zwischen 100 Metern \u00a0und 120 Metern gemacht. In Deutschland und der EU sind 120 Meter \u00fcber Grund die maximal erlaubte Flugh\u00f6he f\u00fcr Drohnen.<br \/>\nBei den DJI-Drohnenmodellen Mavic 3 und Mini 3 Pro (auch Mini 2) gibt es in der Fly-App einen sehr praktischen Aufnahme-Modus zur Erstellung von sph\u00e4rischen Panoramen. Dieser Panorama-Modus erstellt automatisch 25 Einzelbilder (bei der Mavic 3) und 36 Einzelbilder (bei der Mini 3 Pro), welche innerhalb der Fly-App zu einem sph\u00e4rischen Panorama zusammengestellt werden. Allerdings verzichte ich auf diesen Automatik-Modus grunds\u00e4tzlich. Ich verwende externe Programme, um die Einzelbilder zu einem 360\u00b0-Panorama zusammen zu f\u00fcgen.<\/p>\n<p><strong>Im Folgenden erkl\u00e4re ich den Prozess, wie ich 360\u00b0-Panoramen und -Touren aus der Luft mit Drohnen erstelle.<\/strong><\/p>\n<ol>\n<li>Alle Einzelbilder werden im <b>RAW-Format<\/b> aufgenommen und gespeichert<\/li>\n<li>Bilder des Zenits (Himmel) werden separat aufgenommen\n<ul>\n<li>entweder vom Boden<\/li>\n<li>oder mit einer aufgesetzten GoPro<span class=\"Apple-converted-space\">\u00a0<\/span><\/li>\n<li>bei strukturlosem (wolkenlosem blauen) Himmel kann der Zenit im Stitching-Programm PTGui automatisch eingesetzt werden.<span class=\"Apple-converted-space\">\u00a0<\/span><\/li>\n<li>ab der Firmware-Version V01.01.0300 vom 17.08.2022 ist die DJI Mini 3 Pro in Lage, den Himmel fast vollst\u00e4ndig aufzunehmen. Somit ist das Wolkenbild im Zenit des Panoramas eine homogene Einheit.<span class=\"Apple-converted-space\">\u00a0<\/span><\/li>\n<\/ul>\n<\/li>\n<\/ol>\n<ol start=\"3\">\n<li>Die RAW-Dateien werden in Lightroom bzw. in einem RAW-Konverter entwickelt und als neue TIFF-Datei oder JPEG-Datei gespeichert<\/li>\n<li>Die TIFF- oder JPEG-Bilder werden mit dem Stitching-Programm PTGui zu einem 360\u00b0-Panorama (Sph\u00e4re) zusammengesetzt und als TIFF-Datei zwischengespeichert<\/li>\n<li>Nach Optimierungs- und Retuschearbeiten in Photoshop wird das sph\u00e4rische Panorama final abgelegt<\/li>\n<li>Zur virtuellen Betrachtung werden die sph\u00e4rischen Bilder in einer Panorama-Software aufbereitet. Mit den folgenden Programmen habe ich in den letzten Jahren Erfahrungen gemacht. Sie kommen nach wie vor alle zur Anwendung:<\/li>\n<\/ol>\n<ol>\n<li style=\"list-style-type: none;\">\n<ul>\n<li><b>PanoTour<\/b> (Kolor)<br \/>\nDieses Programm war lange Zeit mein Favorit \u2013 bis Ende 2018. Leider hat die Fa. Kolor damals die Entwicklung und den Support der Software eingestellt. Echt schade!<\/li>\n<\/ul>\n<\/li>\n<\/ol>\n<ol>\n<li style=\"list-style-type: none;\">\n<ul>\n<li><b>3DVista<br \/>\n<\/b>Diese Software habe ich nach PanoTour ausprobiert. Es hat ganz nette Features, die keine andere Software mitbringt (Live-Panorama und adaptives HDR-Panorama). Dennoch ist es nicht meine erste Wahl.<\/li>\n<\/ul>\n<\/li>\n<\/ol>\n<ol>\n<li style=\"list-style-type: none;\">\n<ul>\n<li><b>Pano2VR<br \/>\n<\/b>Dieser Panorama-Converter wird zu Recht als Schweizer Taschenmesser bezeichnet. Er bietet unglaublich viele M\u00f6glichkeiten, weshalb die Bedienung nicht trivial ist, aber mit der Zeit kommt man damit zu Recht und wird mit tollen Ergebnissen belohnt.<\/li>\n<\/ul>\n<\/li>\n<\/ol>\n<ol start=\"7\">\n<li>Die TIFF-Sph\u00e4ren werden in das Programm Pano2VR (auch 3DVista oder PanoTour) geladen und miteinander verkn\u00fcpft (Hotspots). Die Verortung der Aufnahmen erfolgt durch die Geopositionierung der Drohne von selbst. Lediglich die Bestimmung der Nordrichtung muss noch bei allen Panoramen durchgef\u00fchrt werden.<br \/>\nIch habe mir f\u00fcr Pano2VR mal ein Template zusammengestellt, das alle mir wichtigen Informationen in einer Panorama-Tour anzeigt:<\/li>\n<\/ol>\n<ol>\n<li style=\"list-style-type: none;\">\n<ul>\n<li>Logo (<a href=\"https:\/\/www.aktiv-panorama.de\">www.aktiv-panorama.de<\/a>) \u2013 oben links<\/li>\n<li>Kompass mit dem die 4 Himmelsrichtungen angesteuert werden k\u00f6nnen \u2013 oben rechts<\/li>\n<li>ein- und ausblendbarer Vorschaubalken aller Panoramen in der Tour \u2013 oben Mitte<\/li>\n<li>\u00fcber diesem Vorschaubalken: Anzeige des Titels des Panoramas<\/li>\n<li>ein- und ausblendbare Google-Karte mit interaktiven Aufnahmepunkten \u2013 Mitte des Bildschirms<\/li>\n<li>Button zum vorigen oder n\u00e4chsten Panorama \u2013 Mitte links und rechts<span class=\"Apple-converted-space\">\u00a0<\/span><\/li>\n<li>ein und ausblendbare Anzeige- und Steuerelemente f\u00fcr die Navigation des aktiven Panoramas \u2013 unten Mitte<\/li>\n<li>interaktive Hotspots zu weiteren Air-Panoramen mit Entfernungsangabe<\/li>\n<\/ul>\n<\/li>\n<\/ol>\n<ol start=\"8\">\n<li>Nach der Konvertierung der Sph\u00e4ren zur virtuellen Panorama-Tour m\u00fcssen die Daten letztendlich auf einen Server hochgeladen werden.<br \/>\nDie Aerial-Panoramen k\u00f6nnen nun in einer zusammengeh\u00f6renden Tour im Internet angeschaut werden.<\/li>\n<\/ol>\n","protected":false},"excerpt":{"rendered":"<p>360\u00b0-Panoramen aus luftigen H\u00f6hen sind beeindruckend und einzigartig. Aussichten aus \u00fcber 100 Metern H\u00f6he sind einfach faszinierend. Die hier gezeigten Aerial-Panorama-Touren wurden \/ werden mit folgenden Drohnen erstellt: DJI Mavic 3 DJI Mini 3 Pro DJI Mini 2 (Yuneec Q500 Typhoon G \u2013 mit GoPro Hero) Zurzeit starten die beiden DJI Modelle Mavic 3 und [&hellip;]<\/p>\n","protected":false},"author":1,"featured_media":0,"parent":217,"menu_order":0,"comment_status":"closed","ping_status":"closed","template":"templates\/template-page-nosidebar.php","meta":{"footnotes":""},"class_list":["post-11459","page","type-page","status-publish","hentry"],"yoast_head":"<!-- This site is optimized with the Yoast SEO plugin v27.5 - https:\/\/yoast.com\/product\/yoast-seo-wordpress\/ -->\n<title>Aerial-Panorama-Workflow mit der Drohne<\/title>\n<meta name=\"description\" content=\"In diesem Beitrag wird die Erstellung von 360\u00b0-Panoramen aus der Luft mit Drohnen beschrieben. Hier erf\u00e4hrst du meinen kompletten Workflow ...\" \/>\n<meta name=\"robots\" content=\"index, follow, max-snippet:-1, max-image-preview:large, max-video-preview:-1\" \/>\n<link rel=\"canonical\" href=\"https:\/\/www.aktiv-panorama.de\/?page_id=11459\" \/>\n<meta property=\"og:locale\" content=\"de_DE\" \/>\n<meta property=\"og:type\" content=\"article\" \/>\n<meta property=\"og:title\" content=\"Aerial-Panorama-Workflow mit der Drohne\" \/>\n<meta property=\"og:description\" content=\"In diesem Beitrag wird die Erstellung von 360\u00b0-Panoramen aus der Luft mit Drohnen beschrieben. Hier erf\u00e4hrst du meinen kompletten Workflow ...\" \/>\n<meta property=\"og:url\" content=\"https:\/\/www.aktiv-panorama.de\/?page_id=11459\" \/>\n<meta property=\"og:site_name\" content=\"Aktiv-Panorama\" \/>\n<meta property=\"article:modified_time\" content=\"2024-01-06T15:29:25+00:00\" \/>\n<meta name=\"twitter:label1\" content=\"Gesch\u00e4tzte Lesezeit\" \/>\n\t<meta name=\"twitter:data1\" content=\"4\u00a0Minuten\" \/>\n<script type=\"application\/ld+json\" class=\"yoast-schema-graph\">{\"@context\":\"https:\\\/\\\/schema.org\",\"@graph\":[{\"@type\":\"WebPage\",\"@id\":\"https:\\\/\\\/www.aktiv-panorama.de\\\/?page_id=11459\",\"url\":\"https:\\\/\\\/www.aktiv-panorama.de\\\/?page_id=11459\",\"name\":\"Aerial-Panorama-Workflow mit der Drohne\",\"isPartOf\":{\"@id\":\"https:\\\/\\\/www.aktiv-panorama.de\\\/#website\"},\"datePublished\":\"2024-01-06T14:34:19+00:00\",\"dateModified\":\"2024-01-06T15:29:25+00:00\",\"description\":\"In diesem Beitrag wird die Erstellung von 360\u00b0-Panoramen aus der Luft mit Drohnen beschrieben. Hier erf\u00e4hrst du meinen kompletten Workflow ...\",\"breadcrumb\":{\"@id\":\"https:\\\/\\\/www.aktiv-panorama.de\\\/?page_id=11459#breadcrumb\"},\"inLanguage\":\"de\",\"potentialAction\":[{\"@type\":\"ReadAction\",\"target\":[\"https:\\\/\\\/www.aktiv-panorama.de\\\/?page_id=11459\"]}]},{\"@type\":\"BreadcrumbList\",\"@id\":\"https:\\\/\\\/www.aktiv-panorama.de\\\/?page_id=11459#breadcrumb\",\"itemListElement\":[{\"@type\":\"ListItem\",\"position\":1,\"name\":\"Startseite\",\"item\":\"https:\\\/\\\/www.aktiv-panorama.de\\\/\"},{\"@type\":\"ListItem\",\"position\":2,\"name\":\"Preise\",\"item\":\"https:\\\/\\\/www.aktiv-panorama.de\\\/?page_id=215\"},{\"@type\":\"ListItem\",\"position\":3,\"name\":\"allgemeine Informationen\",\"item\":\"https:\\\/\\\/www.aktiv-panorama.de\\\/?page_id=217\"},{\"@type\":\"ListItem\",\"position\":4,\"name\":\"Aerial-Panorama-Workflow mit der Drohne\"}]},{\"@type\":\"WebSite\",\"@id\":\"https:\\\/\\\/www.aktiv-panorama.de\\\/#website\",\"url\":\"https:\\\/\\\/www.aktiv-panorama.de\\\/\",\"name\":\"Aktiv-Panorama\",\"description\":\"360\u00b0-Panoramafotografie\",\"publisher\":{\"@id\":\"https:\\\/\\\/www.aktiv-panorama.de\\\/#organization\"},\"potentialAction\":[{\"@type\":\"SearchAction\",\"target\":{\"@type\":\"EntryPoint\",\"urlTemplate\":\"https:\\\/\\\/www.aktiv-panorama.de\\\/?s={search_term_string}\"},\"query-input\":{\"@type\":\"PropertyValueSpecification\",\"valueRequired\":true,\"valueName\":\"search_term_string\"}}],\"inLanguage\":\"de\"},{\"@type\":\"Organization\",\"@id\":\"https:\\\/\\\/www.aktiv-panorama.de\\\/#organization\",\"name\":\"Panorama-Fotografie\",\"url\":\"https:\\\/\\\/www.aktiv-panorama.de\\\/\",\"logo\":{\"@type\":\"ImageObject\",\"inLanguage\":\"de\",\"@id\":\"https:\\\/\\\/www.aktiv-panorama.de\\\/#\\\/schema\\\/logo\\\/image\\\/\",\"url\":\"https:\\\/\\\/i0.wp.com\\\/www.aktiv-panorama.de\\\/wp-content\\\/uploads\\\/2014\\\/11\\\/logo_aktiv-panorama-360_250px.png?fit=250%2C239\",\"contentUrl\":\"https:\\\/\\\/i0.wp.com\\\/www.aktiv-panorama.de\\\/wp-content\\\/uploads\\\/2014\\\/11\\\/logo_aktiv-panorama-360_250px.png?fit=250%2C239\",\"width\":250,\"height\":239,\"caption\":\"Panorama-Fotografie\"},\"image\":{\"@id\":\"https:\\\/\\\/www.aktiv-panorama.de\\\/#\\\/schema\\\/logo\\\/image\\\/\"}}]}<\/script>\n<!-- \/ Yoast SEO plugin. -->","yoast_head_json":{"title":"Aerial-Panorama-Workflow mit der Drohne","description":"In diesem Beitrag wird die Erstellung von 360\u00b0-Panoramen aus der Luft mit Drohnen beschrieben. Hier erf\u00e4hrst du meinen kompletten Workflow ...","robots":{"index":"index","follow":"follow","max-snippet":"max-snippet:-1","max-image-preview":"max-image-preview:large","max-video-preview":"max-video-preview:-1"},"canonical":"https:\/\/www.aktiv-panorama.de\/?page_id=11459","og_locale":"de_DE","og_type":"article","og_title":"Aerial-Panorama-Workflow mit der Drohne","og_description":"In diesem Beitrag wird die Erstellung von 360\u00b0-Panoramen aus der Luft mit Drohnen beschrieben. Hier erf\u00e4hrst du meinen kompletten Workflow ...","og_url":"https:\/\/www.aktiv-panorama.de\/?page_id=11459","og_site_name":"Aktiv-Panorama","article_modified_time":"2024-01-06T15:29:25+00:00","twitter_misc":{"Gesch\u00e4tzte Lesezeit":"4\u00a0Minuten"},"schema":{"@context":"https:\/\/schema.org","@graph":[{"@type":"WebPage","@id":"https:\/\/www.aktiv-panorama.de\/?page_id=11459","url":"https:\/\/www.aktiv-panorama.de\/?page_id=11459","name":"Aerial-Panorama-Workflow mit der Drohne","isPartOf":{"@id":"https:\/\/www.aktiv-panorama.de\/#website"},"datePublished":"2024-01-06T14:34:19+00:00","dateModified":"2024-01-06T15:29:25+00:00","description":"In diesem Beitrag wird die Erstellung von 360\u00b0-Panoramen aus der Luft mit Drohnen beschrieben. Hier erf\u00e4hrst du meinen kompletten Workflow ...","breadcrumb":{"@id":"https:\/\/www.aktiv-panorama.de\/?page_id=11459#breadcrumb"},"inLanguage":"de","potentialAction":[{"@type":"ReadAction","target":["https:\/\/www.aktiv-panorama.de\/?page_id=11459"]}]},{"@type":"BreadcrumbList","@id":"https:\/\/www.aktiv-panorama.de\/?page_id=11459#breadcrumb","itemListElement":[{"@type":"ListItem","position":1,"name":"Startseite","item":"https:\/\/www.aktiv-panorama.de\/"},{"@type":"ListItem","position":2,"name":"Preise","item":"https:\/\/www.aktiv-panorama.de\/?page_id=215"},{"@type":"ListItem","position":3,"name":"allgemeine Informationen","item":"https:\/\/www.aktiv-panorama.de\/?page_id=217"},{"@type":"ListItem","position":4,"name":"Aerial-Panorama-Workflow mit der Drohne"}]},{"@type":"WebSite","@id":"https:\/\/www.aktiv-panorama.de\/#website","url":"https:\/\/www.aktiv-panorama.de\/","name":"Aktiv-Panorama","description":"360\u00b0-Panoramafotografie","publisher":{"@id":"https:\/\/www.aktiv-panorama.de\/#organization"},"potentialAction":[{"@type":"SearchAction","target":{"@type":"EntryPoint","urlTemplate":"https:\/\/www.aktiv-panorama.de\/?s={search_term_string}"},"query-input":{"@type":"PropertyValueSpecification","valueRequired":true,"valueName":"search_term_string"}}],"inLanguage":"de"},{"@type":"Organization","@id":"https:\/\/www.aktiv-panorama.de\/#organization","name":"Panorama-Fotografie","url":"https:\/\/www.aktiv-panorama.de\/","logo":{"@type":"ImageObject","inLanguage":"de","@id":"https:\/\/www.aktiv-panorama.de\/#\/schema\/logo\/image\/","url":"https:\/\/i0.wp.com\/www.aktiv-panorama.de\/wp-content\/uploads\/2014\/11\/logo_aktiv-panorama-360_250px.png?fit=250%2C239","contentUrl":"https:\/\/i0.wp.com\/www.aktiv-panorama.de\/wp-content\/uploads\/2014\/11\/logo_aktiv-panorama-360_250px.png?fit=250%2C239","width":250,"height":239,"caption":"Panorama-Fotografie"},"image":{"@id":"https:\/\/www.aktiv-panorama.de\/#\/schema\/logo\/image\/"}}]}},"_links":{"self":[{"href":"https:\/\/www.aktiv-panorama.de\/index.php?rest_route=\/wp\/v2\/pages\/11459","targetHints":{"allow":["GET"]}}],"collection":[{"href":"https:\/\/www.aktiv-panorama.de\/index.php?rest_route=\/wp\/v2\/pages"}],"about":[{"href":"https:\/\/www.aktiv-panorama.de\/index.php?rest_route=\/wp\/v2\/types\/page"}],"author":[{"embeddable":true,"href":"https:\/\/www.aktiv-panorama.de\/index.php?rest_route=\/wp\/v2\/users\/1"}],"replies":[{"embeddable":true,"href":"https:\/\/www.aktiv-panorama.de\/index.php?rest_route=%2Fwp%2Fv2%2Fcomments&post=11459"}],"version-history":[{"count":8,"href":"https:\/\/www.aktiv-panorama.de\/index.php?rest_route=\/wp\/v2\/pages\/11459\/revisions"}],"predecessor-version":[{"id":11470,"href":"https:\/\/www.aktiv-panorama.de\/index.php?rest_route=\/wp\/v2\/pages\/11459\/revisions\/11470"}],"up":[{"embeddable":true,"href":"https:\/\/www.aktiv-panorama.de\/index.php?rest_route=\/wp\/v2\/pages\/217"}],"wp:attachment":[{"href":"https:\/\/www.aktiv-panorama.de\/index.php?rest_route=%2Fwp%2Fv2%2Fmedia&parent=11459"}],"curies":[{"name":"wp","href":"https:\/\/api.w.org\/{rel}","templated":true}]}}