{"id":210,"date":"2014-11-29T01:51:55","date_gmt":"2014-11-29T00:51:55","guid":{"rendered":"http:\/\/360.aktiv-panorama.de\/?page_id=210"},"modified":"2018-05-24T23:50:30","modified_gmt":"2018-05-24T21:50:30","slug":"datenschutz","status":"publish","type":"page","link":"https:\/\/www.aktiv-panorama.de\/?page_id=210","title":{"rendered":"Datenschutz"},"content":{"rendered":"<h5 style=\"text-align: justify;\">Der Schutz Ihrer personenbezogenen Daten bei der Erhebung, Verarbeitung und Nutzung anl\u00e4sslich Ihres Besuchs auf dieser Homepage ist uns ein wichtiges Anliegen. Ihre Daten werden im Rahmen der gesetzlichen Vorschriften gesch\u00fctzt.<\/h5>\n<p style=\"text-align: justify;\">Nachfolgend finden Sie Informationen, welche Daten w\u00e4hrend Ihres Besuchs auf dieser Homepage erfasst und wie diese genutzt werden:<\/p>\n<h2 style=\"text-align: justify;\">Allgemeines<\/h2>\n<p style=\"text-align: justify;\">Diese Datenschutzerkl\u00e4rung kl\u00e4rt den Besucher und Interessent dieser Internetseite gem\u00e4\u00df der Datenschutz-Grundverordnung (DSGVO) und dem Telemediengesetz \u00fcber die Art, den Umfang und den Zweck der Erhebung und Verwendung personenbezogener Daten durch den Verantwortlichen dieser Internetseite auf.<span class=\"Apple-converted-space\">\u00a0<\/span><\/p>\n<p style=\"text-align: justify;\">Verantwortlich f\u00fcr den Inhalt und die Einhaltung des Datenschutzes ist der Betreiber des Internetangebots von <a href=\"https:\/\/www.aktiv-panorama.de\">www.aktiv-panorama.de<\/a><span class=\"Apple-converted-space\">\u00a0<\/span><\/p>\n<p style=\"text-align: justify;\">R\u00fcdiger Kottmann<br \/>\nFischerstra\u00dfe 29\/2<br \/>\n73061 Ebersbach an der Fils<span class=\"Apple-converted-space\">\u00a0<\/span><\/p>\n<p style=\"text-align: justify;\">Wir halten uns an den Grundsatz der Datenvermeidung. Es wird, soweit wie m\u00f6glich, auf die Erhebung von personenbezogenen Daten verzichtet.<\/p>\n<h3 style=\"text-align: justify;\">Was sind personenbezogene Daten<\/h3>\n<p style=\"text-align: justify;\">Personenbezogene Daten sind Angaben, die die Identit\u00e4t des Nutzers offenlegen oder offenlegen k\u00f6nnen.<span class=\"Apple-converted-space\">\u00a0<\/span><\/p>\n<h3 style=\"text-align: justify;\">Umgang mit personenbezogenen Daten<\/h3>\n<p style=\"text-align: justify;\">Personenbezogene Daten dienen ausschlie\u00dflich der Vertragsbegr\u00fcndung, inhaltlichen Ausgestaltung, Durchf\u00fchrung oder Abwicklung des Vertragsverh\u00e4ltnisses (Art. 6 I b DSGVO). Ohne Ihre Einstimmung werden Ihre personenbezogene Daten nicht verarbeitet (Art. 6 I a DSGVO). Sie werden grunds\u00e4tzlich nicht an Dritte weitergegeben. Lediglich zur Vertragserf\u00fcllung werden die Daten an das mit der Lieferung beauftragte Versandunternehmen weitergegeben, soweit dies zur Lieferung bestellter Waren erforderlich ist. Zur Abwicklung von Zahlungen werden die hierf\u00fcr erforderlichen Zahlungsdaten an das mit der Zahlung beauftragte Kreditinstitut und ggf. den beauftragten und gew\u00e4hlten Zahlungsdienstleister weitergegeben. Die Verarbeitung Ihrer personenbezogenen Daten erfolgt ausschlie\u00dflich innerhalb der EU.<\/p>\n<h3 style=\"text-align: justify;\">Nutzungsdaten<\/h3>\n<p style=\"text-align: justify;\">Beim Besuch der Webseite werden allgemeine technische Informationen erhoben. Dies sind die verwendete IP-Adresse, Uhrzeit, Dauer des Besuchs, Browsertyp und ggf. die Herkunftsseite. Diese Nutzungsdaten werden technisch bedingt in einem Logfile registriert und k\u00f6nnen zum Zwecke der Statistikauswertung dieser Webseite benutzt und gespeichert werden. Eine Verkn\u00fcpfung dieser Nutzungsdaten mit Ihren weiteren personenbezogenen Daten findet nicht statt.<\/p>\n<p style=\"text-align: justify;\">Die Nutzungsdaten werden mit dem Webanalyse-Tool METAMO erhoben. S\u00e4mtliche Datenerhebungen sind datenschutzrechtlich konform eingestellt. Die verwendete IP-Adresse wird nach dem folgenden Modell anonymisiert aufgezeichnet: 192.168.xxx.xxx<\/p>\n<h3 style=\"text-align: justify;\">Registrierungsdaten<\/h3>\n<p style=\"text-align: justify;\">F\u00fcr den Besuch unseres Internetangebots ist keine Registrierung erforderlich.<span class=\"Apple-converted-space\">\u00a0<\/span><\/p>\n<h3 style=\"text-align: justify;\">Kommentare<\/h3>\n<p style=\"text-align: justify;\">Eine Kommentarfunktion ist auf unserer Internetplattform nicht implementiert.<span class=\"Apple-converted-space\">\u00a0<\/span><\/p>\n<h3 style=\"text-align: justify;\">Dauer der Speicherung<\/h3>\n<p style=\"text-align: justify;\">Personenbezogenen Daten speichern wir nach der Beendigung des Zwecks, f\u00fcr welchen die Daten erhoben wurden, nur solange, wie dies auf Grund der gesetzlichen (insbesondere steuerrechtlichen) Vorschriften erforderlich ist.<\/p>\n<h2 style=\"text-align: justify;\">Ihre Rechte<\/h2>\n<p style=\"text-align: justify;\">Sie k\u00f6nnen von uns eine Auskunft dar\u00fcber verlangen, ob wir personenbezogene Daten von Ihnen verarbeiten. Falls wir personenbezogenen Daten von Ihnen vorhalten, haben Sie ein Recht auf Auskunft \u00fcber diese Daten und auf die in Art. 15 DSGVO genannten weiteren Informationen.<\/p>\n<h3 style=\"text-align: justify;\">Recht auf Berichtigung<\/h3>\n<p style=\"text-align: justify;\">Sie haben das Recht auf Berichtigung der Sie betreffenden unrichtigen personenbezogenen Daten und k\u00f6nnen gem\u00e4\u00df Art. 16 DSGVO die Vervollst\u00e4ndigung unvollst\u00e4ndiger personenbezogener Daten verlangen.<\/p>\n<h3 style=\"text-align: justify;\">Recht auf L\u00f6schung<\/h3>\n<p style=\"text-align: justify;\">Sie haben das Recht von uns zu verlangen, dass die Sie betreffenden personenbezogenen Daten unverz\u00fcglich gel\u00f6scht werden. Wir sind verpflichtet diese unverz\u00fcglich zu l\u00f6schen, insbesondere sofern einer der folgenden Gr\u00fcnde zutrifft:<\/p>\n<ul style=\"text-align: justify;\">\n<li>Ihre personenbezogenen Daten sind f\u00fcr die Zwecke, f\u00fcr die sie erhoben oder auf sonstige Weise verarbeitet wurden, nicht mehr notwendig.<\/li>\n<li>Sie widerrufen ihre Einwilligung, auf die sich die Verarbeitung Ihrer Daten st\u00fctzte, und es fehlt an einer anderweitigen Rechtsgrundlage f\u00fcr die Verarbeitung.<\/li>\n<li>Ihre Daten wurden unrechtm\u00e4\u00dfig verarbeitet.<\/li>\n<\/ul>\n<p style=\"text-align: justify;\">Das Recht auf L\u00f6schung besteht nicht, soweit Ihre personenbezogenen Daten zur Geltendmachung, Aus\u00fcbung oder Verteidigung unserer Rechtsanspr\u00fcche erforderlich sind.<\/p>\n<h3 style=\"text-align: justify;\">Recht auf Einschr\u00e4nkung der Verarbeitung<\/h3>\n<p style=\"text-align: justify;\">Sie haben das Recht von uns die Einschr\u00e4nkung der Verarbeitung Ihrer personenbezogenen Daten zu verlangen, wenn<\/p>\n<ul style=\"text-align: justify;\">\n<li>Sie die Richtigkeit der Daten bestreiten und wir daher die Richtigkeit \u00fcberpr\u00fcfen,<\/li>\n<li>die Verarbeitung unrechtm\u00e4\u00dfig ist und Sie die L\u00f6schung ablehnen und stattdessen die Einschr\u00e4nkung der Nutzung verlangen<\/li>\n<li>wir die Daten nicht l\u00e4nger ben\u00f6tigen, Sie diese jedoch zur Geltendmachung, Aus\u00fcbung oder Verteidigung von Rechtsanspr\u00fcchen ben\u00f6tigen,<\/li>\n<li>Sie Widerspruch gegen die Verarbeitung Ihrer Daten eingelegt haben, und noch nicht feststeht, ob unsere berechtigten Gr\u00fcnde gegen\u00fcber Ihren Gr\u00fcnden \u00fcberwiegen.<\/li>\n<\/ul>\n<h3 style=\"text-align: justify;\">Recht auf Daten\u00fcbertragbarkeit<\/h3>\n<p style=\"text-align: justify;\">Sie haben das Recht die Sie betreffenden personenbezogenen Daten, die Sie uns bereitgestellt haben, in einem strukturierten, g\u00e4ngigen und maschinenlesbaren Format zu erhalten und Sie haben das Recht, diese Daten einem anderen Verantwortlichen ohne Behinderung durch uns zu \u00fcbermitteln, sofern die Verarbeitung auf einer Einwilligung oder einem Vertrag beruht und die Verarbeitung bei uns mithilfe automatisierter Verfahren erfolgt.<\/p>\n<h3 style=\"text-align: justify;\">Widerrufsrecht<\/h3>\n<p style=\"text-align: justify;\">Soweit die Verarbeitung Ihrer personenbezogenen Daten auf einer Einwilligung beruht, haben Sie das Recht diese Einwilligung jederzeit zu widerrufen.<\/p>\n<h3 style=\"text-align: justify;\">Allgemeines und Beschwerderecht<\/h3>\n<p style=\"text-align: justify;\">Die Aus\u00fcbung Ihrer vorstehenden Rechte ist f\u00fcr Sie grunds\u00e4tzlich kostenlos. Sie haben das Recht sich bei Beschwerden direkt an die f\u00fcr uns zust\u00e4ndige Aufsichtsbeh\u00f6rde, den Landesdatenschutzbeauftragen, zu wenden.<\/p>\n<h3 style=\"text-align: justify;\">Datensicherheit<\/h3>\n<p style=\"text-align: justify;\">S\u00e4mtliche Daten auf unserer Website werden durch technische und organisatorische Ma\u00dfnahmen gegen Verlust, Zerst\u00f6rung, Zugriff, Ver\u00e4nderung und Verbreitung gesichert.<\/p>\n<h3 style=\"text-align: justify;\">Analyse des Besucheraufkommens<\/h3>\n<p style=\"text-align: justify;\">Wir sind bestrebt, unseren Webauftritt kontinuierlich zu verbessern und auf die Bed\u00fcrfnisse des Besuchers zu optimieren. Deshalb verwenden wir einen Webanalysedienst, der sogenannte \u201cCookies\u201d verwendet. Das sind Textdateien, die auf Ihrem Computer gespeichert werden und uns eine Analyse der Benutzung der Webseite erm\u00f6glichen. Zu diesem Zweck werden die durch den Cookie erzeugten Nutzungsinformationen (einschlie\u00dflich Ihrer gek\u00fcrzten IP-Adresse) an unseren Server \u00fcbertragen und zu Nutzungsanalysezwecken gespeichert, was der Webseitenoptimierung unsererseits dient. Ihre IP-Adresse wird bei diesem Vorgang umgehend anonymisiert, so dass Sie als Nutzer f\u00fcr uns anonym bleiben. Die durch den Cookie erzeugten Informationen \u00fcber Ihre Benutzung dieser Webseite werden nicht an Dritte weitergegeben. Sie k\u00f6nnen die Verwendung der Cookies durch eine entsprechende Einstellung Ihrer Browser Software verhindern, es kann jedoch sein, dass Sie in diesem Fall gegebenenfalls nicht s\u00e4mtliche Funktionen dieser Website voll umf\u00e4nglich nutzen k\u00f6nnen.<\/p>\n<p style=\"text-align: justify;\">Sie k\u00f6nnen Ihren Browser so einstellen, dass Sie \u00fcber das Setzen von Cookies informiert werden und einzeln \u00fcber deren Annahme entscheiden oder die Annahme von Cookies f\u00fcr bestimmte F\u00e4lle oder generell ausschlie\u00dfen. Bitte beachten Sie dabei, dass Sie m\u00f6glicherweise einige Funktionen dieser Website nicht nutzen k\u00f6nnen, wenn die Cookies deaktiviert sind. Wir stellen sicher, dass keine personenbezogenen Daten aus Sessions oder durch Cookies \u00fcbernommen werden und Cookies nur eingesetzt werden, sofern dies f\u00fcr die Website erforderlich ist. Somit ergibt die Abw\u00e4gung, dass keine \u00fcberwiegenden Interessen Ihrerseits entgegenstehen (Art. 6 I f DSGVO).Wenn Sie mit der Speicherung und Auswertung dieser Daten aus Ihrem Besuch nicht einverstanden sind, dann k\u00f6nnen Sie der Speicherung und Nutzung nachfolgend per Mausklick jederzeit widersprechen. In diesem Fall wird in Ihrem Browser ein sog. Opt-Out-Cookie abgelegt, was zur Folge hat, dass Matomo keinerlei Sitzungsdaten erhebt. Achtung: Wenn Sie Ihre Cookies l\u00f6schen, so hat dies zur Folge, dass auch das Opt-Out-Cookie gel\u00f6scht wird und ggf. von Ihnen erneut aktiviert werden muss.<\/p>\n<p style=\"text-align: justify;\">Wir weisen darauf hin, dass dennoch keine elektronische Kommunikation vollkommen sicher ist und von Ihnen \u00fcber das Internet \u00fcbertragene \/ versandte Daten gegebenenfalls von Dritten abgefangen und genutzt werden k\u00f6nnten.<\/p>\n<div class=\"fusion-text\">\n<h3 style=\"text-align: justify;\">Google Maps<\/h3>\n<p style=\"text-align: justify;\">Diese Internetseite verwendet zur Visualisierung der Aufnahmeorte der Bilder und Panoramen den Kartendienst Google Maps (API) von Google LLC., 1600 Amphitheatre Parkway, Mountain View, CA 94043, USA (\u201cGoogle\u201d).<\/p>\n<p style=\"text-align: justify;\">Google Maps ist ein Webdienst zur Darstellung von interaktiven (Land-)Karten, um geographische Informationen visuell darzustellen. Auf unserer Internetseite werden lediglich die Aufnahmeorte unserer Panoramen dargestellt. Eine Ansicht des Besucherstandortes kann nicht angezeigt werden und wird auch nicht aufgezeichnet oder gespeichert.<\/p>\n<p style=\"text-align: justify;\">Ruft der Nutzer die Unterseite unseres Internetauftritts auf, auf der die Karte von Google Maps eingebunden ist, werden bereits beim Aufrufen Informationen \u00fcber Ihre Nutzung unserer Internetseite (wie bspw. Ihre IP-Adresse) an Server von Google in den USA \u00fcbertragen und dort gespeichert. Dies erfolgt unabh\u00e4ngig davon, ob Sie ein Google Nutzerkonto besitzen und \u00fcber das Sie wom\u00f6glich eingeloggt sind, oder nicht. Sofern Sie bei Google ein Nutzerkonto besitzen und eingeloggt sind, werden Ihre Daten direkt Ihrem Konto zugeordnet. Wenn Sie die Zuordnung mit Ihrem Profil bei Google nicht w\u00fcnschen, m\u00fcssen Sie sich vor weiteren Interaktionen ausloggen. Google speichert Ihre Daten (selbst f\u00fcr nicht eingeloggte Nutzer) als Nutzungsprofile und wertet diese aus. Eine solche Auswertung erfolgt insbesondere gem\u00e4\u00df Art. 6 Abs. 1 DSGVO auf Basis der berechtigten Interessen von Google an der Einblendung personalisierter Werbung, Marktforschung und\/oder bedarfsgerechten Gestaltung seiner Website. Ihnen steht ein Widerspruchsrecht zu gegen die Bildung dieser Nutzerprofile. Zur Aus\u00fcbung dieses Widerspruchsrechts m\u00fcssen Sie sich jedoch an Google wenden.<\/p>\n<p style=\"text-align: justify;\">Wenn Sie mit der k\u00fcnftigen \u00dcbermittlung Ihrer Daten an Google im Rahmen der Nutzung von Google Maps nicht einverstanden sind, besteht auch die M\u00f6glichkeit, den Webdienst von Google Maps vollst\u00e4ndig zu deaktivieren, indem Sie die Anwendung JavaScript in Ihrem Browser ausschalten. Google Maps und damit auch die Kartenanzeige auf dieser Internetseite kann dann nicht genutzt werden.<\/p>\n<p style=\"text-align: justify;\">Google ist unter dem Privacy-Shield-Abkommen zertifiziert und bietet hierdurch eine Garantie, das europ\u00e4ische Datenschutzrecht einzuhalten:<br \/>\n<a href=\"https:\/\/www.privacyshield.gov\/participant?id=a2zt000000001L5AAI&amp;status=Active\" target=\"_blank\" rel=\"noopener\">https:\/\/www.privacyshield.gov\/participant?id=a2zt000000001L5AAI&amp;status=Active<\/a><\/p>\n<p style=\"text-align: justify;\">Die Nutzungsbedingungen von Google k\u00f6nnen Sie unter <a href=\"http:\/\/www.google.de\/intl\/de\/policies\/terms\/regional.html\" target=\"_blank\" rel=\"noopener\">http:\/\/www.google.de\/intl\/de\/policies\/terms\/regional.html<\/a>\u00a0einsehen,\u00a0die zus\u00e4tzlichen Nutzungsbedingungen f\u00fcr Google Maps finden Sie unter <a href=\"https:\/\/www.google.com\/intl\/de_US\/help\/terms_maps.html\" target=\"_blank\" rel=\"noopener\">https:\/\/www.google.com\/intl\/de_US\/help\/terms_maps.html<\/a><\/p>\n<p style=\"text-align: justify;\">Ausf\u00fchrliche Informationen zum Datenschutz im Zusammenhang mit der Verwendung von Google Maps finden Sie auf der Internetseite von Google (\u201eGoogle Privacy Policy\u201c): <a href=\"http:\/\/www.google.de\/intl\/de\/policies\/privacy\/\" target=\"_blank\" rel=\"noopener\">http:\/\/www.google.de\/intl\/de\/policies\/privacy\/<\/a><\/p>\n<\/div>\n<h3 style=\"text-align: justify;\">Sicherheitshinweis<\/h3>\n<p style=\"text-align: justify;\">Wir sind bem\u00fcht, Ihre personenbezogenen Daten durch Ergreifung aller technischen und organisatorischen M\u00f6glichkeiten so zu speichern, dass sie f\u00fcr Dritte nicht zug\u00e4nglich sind. Bei der Kommunikation per E-Mail oder \u00fcber Online-Formulare kann die vollst\u00e4ndige Datensicherheit nicht gew\u00e4hrleistet werden, so dass bei vertraulichen Informationen der Postweg empfohlen wird.<br \/>\n<iframe loading=\"lazy\" src=\"http:\/\/statistik.aktiv-panorama.de\/index.php?module=CoreAdminHome&amp;action=optOut&amp;language=de\" width=\"1024\" height=\"\u201e120&quot;\" frameborder=\"no\"><\/iframe><\/p>\n<h3><strong>Rechtsgrundlage:<\/strong><\/h3>\n<p>Rechtsgrundlage ist Art. 6 Abs. 1 DSGVO, die Verwendung erfolgt auf Basis unseres berechtigten Interesses unsere Internetseite und die dort enthaltenen Angebote nutzerfreundlich zu gestalten.<\/p>\n<p><em>Sollten Sie noch Fragen, Anregungen oder Kritik zum Thema Datenschutz haben oder betreffend die Erhebung, Verarbeitung und\/oder der Nutzung Ihrer personenbezogenen Daten, so freuen wir uns \u00fcber Ihre Nachricht. Wir bem\u00fchen uns Ihnen schnellst m\u00f6glich zu antworten.<\/em><\/p>\n<h3 style=\"text-align: justify;\"><a href=\"https:\/\/www.aktiv-panorama.de\/impressum\/kontaktformular\/\"><b>Kontaktaufnahme<\/b><\/a><\/h3>\n<p style=\"text-align: justify;\">Zur Kontaktaufnahme bez\u00fcglich des Datenschutzes k\u00f6nnen Sie sich gerne an uns unter Verwendung der nachfolgenden Kontaktm\u00f6glichkeiten wenden.<br \/>\nVerantwortlicher im Sinne der DSGVO:<\/p>\n<p style=\"text-align: justify;\">R\u00fcdiger Kottmann<br \/>\nFischerstra\u00dfe 29\/2<br \/>\n73061 Ebersbach \/ Fils<br \/>\nE-Mail: <a href=\"mailto:kontakt@aktiv-panorama.de\">kontakt@aktiv-panorama.de<\/a><br \/>\nTel.: 0049 (0) 173 \/ 3416133<\/p>\n","protected":false},"excerpt":{"rendered":"<p>Der Schutz Ihrer personenbezogenen Daten bei der Erhebung, Verarbeitung und Nutzung anl\u00e4sslich Ihres Besuchs auf dieser Homepage ist uns ein wichtiges Anliegen. Ihre Daten werden im Rahmen der gesetzlichen Vorschriften gesch\u00fctzt. Nachfolgend finden Sie Informationen, welche Daten w\u00e4hrend Ihres Besuchs auf dieser Homepage erfasst und wie diese genutzt werden: Allgemeines Diese Datenschutzerkl\u00e4rung kl\u00e4rt den Besucher [&hellip;]<\/p>\n","protected":false},"author":1,"featured_media":0,"parent":1050,"menu_order":0,"comment_status":"closed","ping_status":"closed","template":"templates\/template-page-nosidebar.php","meta":{"footnotes":""},"class_list":["post-210","page","type-page","status-publish","hentry"],"yoast_head":"<!-- This site is optimized with the Yoast SEO plugin v27.4 - https:\/\/yoast.com\/product\/yoast-seo-wordpress\/ -->\n<title>Datenschutz - Aktiv-Panorama<\/title>\n<meta name=\"description\" content=\"Der Schutz Ihrer personenbezogenen Daten ist uns wichtig - deshalb: Was geschieht mit ihren Daten und was wird gespeichert?\" \/>\n<meta name=\"robots\" content=\"index, follow, max-snippet:-1, max-image-preview:large, max-video-preview:-1\" \/>\n<link rel=\"canonical\" href=\"https:\/\/www.aktiv-panorama.de\/?page_id=210\" \/>\n<meta property=\"og:locale\" content=\"de_DE\" \/>\n<meta property=\"og:type\" content=\"article\" \/>\n<meta property=\"og:title\" content=\"Datenschutz - Aktiv-Panorama\" \/>\n<meta property=\"og:description\" content=\"Der Schutz Ihrer personenbezogenen Daten ist uns wichtig - deshalb: Was geschieht mit ihren Daten und was wird gespeichert?\" \/>\n<meta property=\"og:url\" content=\"https:\/\/www.aktiv-panorama.de\/?page_id=210\" \/>\n<meta property=\"og:site_name\" content=\"Aktiv-Panorama\" \/>\n<meta property=\"article:modified_time\" content=\"2018-05-24T21:50:30+00:00\" \/>\n<meta name=\"twitter:label1\" content=\"Gesch\u00e4tzte Lesezeit\" \/>\n\t<meta name=\"twitter:data1\" content=\"9\u00a0Minuten\" \/>\n<script type=\"application\/ld+json\" class=\"yoast-schema-graph\">{\"@context\":\"https:\\\/\\\/schema.org\",\"@graph\":[{\"@type\":\"WebPage\",\"@id\":\"https:\\\/\\\/www.aktiv-panorama.de\\\/?page_id=210\",\"url\":\"https:\\\/\\\/www.aktiv-panorama.de\\\/?page_id=210\",\"name\":\"Datenschutz - Aktiv-Panorama\",\"isPartOf\":{\"@id\":\"https:\\\/\\\/www.aktiv-panorama.de\\\/#website\"},\"datePublished\":\"2014-11-29T00:51:55+00:00\",\"dateModified\":\"2018-05-24T21:50:30+00:00\",\"description\":\"Der Schutz Ihrer personenbezogenen Daten ist uns wichtig - deshalb: Was geschieht mit ihren Daten und was wird gespeichert?\",\"breadcrumb\":{\"@id\":\"https:\\\/\\\/www.aktiv-panorama.de\\\/?page_id=210#breadcrumb\"},\"inLanguage\":\"de\",\"potentialAction\":[{\"@type\":\"ReadAction\",\"target\":[\"https:\\\/\\\/www.aktiv-panorama.de\\\/?page_id=210\"]}]},{\"@type\":\"BreadcrumbList\",\"@id\":\"https:\\\/\\\/www.aktiv-panorama.de\\\/?page_id=210#breadcrumb\",\"itemListElement\":[{\"@type\":\"ListItem\",\"position\":1,\"name\":\"Startseite\",\"item\":\"https:\\\/\\\/www.aktiv-panorama.de\\\/\"},{\"@type\":\"ListItem\",\"position\":2,\"name\":\"Impressum\",\"item\":\"https:\\\/\\\/www.aktiv-panorama.de\\\/?page_id=1050\"},{\"@type\":\"ListItem\",\"position\":3,\"name\":\"Datenschutz\"}]},{\"@type\":\"WebSite\",\"@id\":\"https:\\\/\\\/www.aktiv-panorama.de\\\/#website\",\"url\":\"https:\\\/\\\/www.aktiv-panorama.de\\\/\",\"name\":\"Aktiv-Panorama\",\"description\":\"360\u00b0-Panoramafotografie\",\"publisher\":{\"@id\":\"https:\\\/\\\/www.aktiv-panorama.de\\\/#organization\"},\"potentialAction\":[{\"@type\":\"SearchAction\",\"target\":{\"@type\":\"EntryPoint\",\"urlTemplate\":\"https:\\\/\\\/www.aktiv-panorama.de\\\/?s={search_term_string}\"},\"query-input\":{\"@type\":\"PropertyValueSpecification\",\"valueRequired\":true,\"valueName\":\"search_term_string\"}}],\"inLanguage\":\"de\"},{\"@type\":\"Organization\",\"@id\":\"https:\\\/\\\/www.aktiv-panorama.de\\\/#organization\",\"name\":\"Panorama-Fotografie\",\"url\":\"https:\\\/\\\/www.aktiv-panorama.de\\\/\",\"logo\":{\"@type\":\"ImageObject\",\"inLanguage\":\"de\",\"@id\":\"https:\\\/\\\/www.aktiv-panorama.de\\\/#\\\/schema\\\/logo\\\/image\\\/\",\"url\":\"https:\\\/\\\/i0.wp.com\\\/www.aktiv-panorama.de\\\/wp-content\\\/uploads\\\/2014\\\/11\\\/logo_aktiv-panorama-360_250px.png?fit=250%2C239\",\"contentUrl\":\"https:\\\/\\\/i0.wp.com\\\/www.aktiv-panorama.de\\\/wp-content\\\/uploads\\\/2014\\\/11\\\/logo_aktiv-panorama-360_250px.png?fit=250%2C239\",\"width\":250,\"height\":239,\"caption\":\"Panorama-Fotografie\"},\"image\":{\"@id\":\"https:\\\/\\\/www.aktiv-panorama.de\\\/#\\\/schema\\\/logo\\\/image\\\/\"}}]}<\/script>\n<!-- \/ Yoast SEO plugin. -->","yoast_head_json":{"title":"Datenschutz - Aktiv-Panorama","description":"Der Schutz Ihrer personenbezogenen Daten ist uns wichtig - deshalb: Was geschieht mit ihren Daten und was wird gespeichert?","robots":{"index":"index","follow":"follow","max-snippet":"max-snippet:-1","max-image-preview":"max-image-preview:large","max-video-preview":"max-video-preview:-1"},"canonical":"https:\/\/www.aktiv-panorama.de\/?page_id=210","og_locale":"de_DE","og_type":"article","og_title":"Datenschutz - Aktiv-Panorama","og_description":"Der Schutz Ihrer personenbezogenen Daten ist uns wichtig - deshalb: Was geschieht mit ihren Daten und was wird gespeichert?","og_url":"https:\/\/www.aktiv-panorama.de\/?page_id=210","og_site_name":"Aktiv-Panorama","article_modified_time":"2018-05-24T21:50:30+00:00","twitter_misc":{"Gesch\u00e4tzte Lesezeit":"9\u00a0Minuten"},"schema":{"@context":"https:\/\/schema.org","@graph":[{"@type":"WebPage","@id":"https:\/\/www.aktiv-panorama.de\/?page_id=210","url":"https:\/\/www.aktiv-panorama.de\/?page_id=210","name":"Datenschutz - Aktiv-Panorama","isPartOf":{"@id":"https:\/\/www.aktiv-panorama.de\/#website"},"datePublished":"2014-11-29T00:51:55+00:00","dateModified":"2018-05-24T21:50:30+00:00","description":"Der Schutz Ihrer personenbezogenen Daten ist uns wichtig - deshalb: Was geschieht mit ihren Daten und was wird gespeichert?","breadcrumb":{"@id":"https:\/\/www.aktiv-panorama.de\/?page_id=210#breadcrumb"},"inLanguage":"de","potentialAction":[{"@type":"ReadAction","target":["https:\/\/www.aktiv-panorama.de\/?page_id=210"]}]},{"@type":"BreadcrumbList","@id":"https:\/\/www.aktiv-panorama.de\/?page_id=210#breadcrumb","itemListElement":[{"@type":"ListItem","position":1,"name":"Startseite","item":"https:\/\/www.aktiv-panorama.de\/"},{"@type":"ListItem","position":2,"name":"Impressum","item":"https:\/\/www.aktiv-panorama.de\/?page_id=1050"},{"@type":"ListItem","position":3,"name":"Datenschutz"}]},{"@type":"WebSite","@id":"https:\/\/www.aktiv-panorama.de\/#website","url":"https:\/\/www.aktiv-panorama.de\/","name":"Aktiv-Panorama","description":"360\u00b0-Panoramafotografie","publisher":{"@id":"https:\/\/www.aktiv-panorama.de\/#organization"},"potentialAction":[{"@type":"SearchAction","target":{"@type":"EntryPoint","urlTemplate":"https:\/\/www.aktiv-panorama.de\/?s={search_term_string}"},"query-input":{"@type":"PropertyValueSpecification","valueRequired":true,"valueName":"search_term_string"}}],"inLanguage":"de"},{"@type":"Organization","@id":"https:\/\/www.aktiv-panorama.de\/#organization","name":"Panorama-Fotografie","url":"https:\/\/www.aktiv-panorama.de\/","logo":{"@type":"ImageObject","inLanguage":"de","@id":"https:\/\/www.aktiv-panorama.de\/#\/schema\/logo\/image\/","url":"https:\/\/i0.wp.com\/www.aktiv-panorama.de\/wp-content\/uploads\/2014\/11\/logo_aktiv-panorama-360_250px.png?fit=250%2C239","contentUrl":"https:\/\/i0.wp.com\/www.aktiv-panorama.de\/wp-content\/uploads\/2014\/11\/logo_aktiv-panorama-360_250px.png?fit=250%2C239","width":250,"height":239,"caption":"Panorama-Fotografie"},"image":{"@id":"https:\/\/www.aktiv-panorama.de\/#\/schema\/logo\/image\/"}}]}},"_links":{"self":[{"href":"https:\/\/www.aktiv-panorama.de\/index.php?rest_route=\/wp\/v2\/pages\/210","targetHints":{"allow":["GET"]}}],"collection":[{"href":"https:\/\/www.aktiv-panorama.de\/index.php?rest_route=\/wp\/v2\/pages"}],"about":[{"href":"https:\/\/www.aktiv-panorama.de\/index.php?rest_route=\/wp\/v2\/types\/page"}],"author":[{"embeddable":true,"href":"https:\/\/www.aktiv-panorama.de\/index.php?rest_route=\/wp\/v2\/users\/1"}],"replies":[{"embeddable":true,"href":"https:\/\/www.aktiv-panorama.de\/index.php?rest_route=%2Fwp%2Fv2%2Fcomments&post=210"}],"version-history":[{"count":0,"href":"https:\/\/www.aktiv-panorama.de\/index.php?rest_route=\/wp\/v2\/pages\/210\/revisions"}],"up":[{"embeddable":true,"href":"https:\/\/www.aktiv-panorama.de\/index.php?rest_route=\/wp\/v2\/pages\/1050"}],"wp:attachment":[{"href":"https:\/\/www.aktiv-panorama.de\/index.php?rest_route=%2Fwp%2Fv2%2Fmedia&parent=210"}],"curies":[{"name":"wp","href":"https:\/\/api.w.org\/{rel}","templated":true}]}}