{"id":215,"date":"2014-11-29T17:24:01","date_gmt":"2014-11-29T16:24:01","guid":{"rendered":"http:\/\/360.aktiv-panorama.de\/?page_id=215"},"modified":"2020-01-04T17:15:33","modified_gmt":"2020-01-04T15:15:33","slug":"preise","status":"publish","type":"page","link":"https:\/\/www.aktiv-panorama.de\/?page_id=215","title":{"rendered":"Preise"},"content":{"rendered":"<h2 class=\"main-title\">Erstellung eines individuellen Angebots f\u00fcr die Fertigung von 360\u00b0-Panoramen oder einer virtuellen Tour:<\/h2>\n<div class=\"pf-content\">\n<p>Wir bieten unseren Kunden einen zuverl\u00e4ssigen Service, Top-Qualit\u00e4t und das zu \u00e4u\u00dferst fairen Preisen. Den Preis f\u00fcr eine virtuelle Tour mit 360\u00b0-Panoramen im Vorfeld zu bestimmen, ist ohne vorherige individuelle Beratung\u00a0nicht m\u00f6glich. Seien Sie sich aber sicher, dass Sie bei uns beste Qualit\u00e4t zu einem g\u00fcnstigen Preis erhalten.<\/p>\n<h3>Folgende Kriterien spielen bei der Preisgestaltung eine Rolle:<\/h3>\n<ul>\n<li>Wie viele R\u00e4ume \/ Orte sollen fotografiert werden?<\/li>\n<li>Sollen die R\u00e4ume \/ \u00d6rtlichkeiten mit Hotspots verbunden werden?<\/li>\n<li>M\u00f6chten Sie die Tour mit Musik, Videos oder erkl\u00e4renden Bildern best\u00fccken?<\/li>\n<li>Sind Aufnahmen in HDR-Technik n\u00f6tig?<\/li>\n<li>Wie weit ist die Anreise?<\/li>\n<li>Sind die Aufnahmen an einem Tag zu realisieren oder m\u00fcssen mehrere Tage zum Fotografieren angesetzt werden?<\/li>\n<li>Wie aufw\u00e4ndig wird die individuelle Layoutgestaltung oder das Navigationsinterface?<\/li>\n<li>Wie aufw\u00e4ndig wird die Integration in Ihren bestehenden Webauftritt?<\/li>\n<li>M\u00f6chten Sie, dass in die Tour eine \u00dcbersichtskarte eingebunden wird?<\/li>\n<li>usw.<\/li>\n<\/ul>\n<p>Wie Sie sehen, ist f\u00fcr ein Panorama-Projekt eine gewisse Vorbereitung notwendig. Bei einem pers\u00f6nlichen Gespr\u00e4ch k\u00f6nnen wir den tats\u00e4chlichen Bedarf und die umfangreichen M\u00f6glichkeiten eines Panorama-Projektes darlegen und so f\u00fcr Sie ein optimales Angebot erstellen.<\/p>\n<p>Gerne d\u00fcrfen Sie uns\u00a0<a title=\"Kontaktformular\" href=\"https:\/\/www.aktiv-panorama.de\/impressum\/kontaktformular\">kontaktieren<\/a>\u00a0&#8211; wir werden Ihnen so schnell wie m\u00f6glich antworten.<\/p>\n<h2>Preise f\u00fcr Bilder auf dieser Webseite:<\/h2>\n<p>Panoramen werden nicht nur geknipst. Die Erstellung eines hochwertigen Panoramas erfordert viel Vorbereitung und noch mehr Nachbereitung. Bis ein Panorama zur Ansicht bereit steht, k\u00f6nnen je nach Typ und Umstand mehrere Stunden Arbeit vergehen. Insbesondere Gigapixel-Panoramen ben\u00f6tigen sehr viel Zeit zur Herstellung. Wir verkaufen unsere Panoramen aufwandsabh\u00e4ngig, weshalb wir keine Pauschalepreise nennen.<\/p>\n<p>Mit wenigen Ausnahmen k\u00f6nnen Lizenzen oder Drucke aller hier gezeigten Panoramen erworben werden. Scheuen Sie sich nicht, danach zu fragen.<\/p>\n<h3><a href=\"https:\/\/www.aktiv-panorama.de\/little-planets\" target=\"_blank\" rel=\"noopener noreferrer\">little-planets<\/a>:<\/h3>\n<p>Gefallen Ihnen unsere little-planets?<br \/>\nSie k\u00f6nnen jeden unserer kleinen Planeten erwerben. Eine Lizenz f\u00fcr eine gro\u00dfformatige Datei kostet\u00a0<strong>150 \u20ac<\/strong>. Rabatte bei gr\u00f6\u00dferen Auftragsvolumen sind verhandelbar \u2013 bitte fragen Sie nach.<\/p>\n<p>M\u00f6chten Sie einen fertigen Druck eines little-planets bestellen? Kein Problem. Unser Druckpartner bietet fast alle Gr\u00f6\u00dfen und die unterschiedlichsten Materialien, wie<\/p>\n<ul>\n<li>Leinwand<\/li>\n<li>Glas<\/li>\n<li>Acryglas<\/li>\n<li>Alu-Dibond<\/li>\n<\/ul>\n<p>an. Hier variieren die Preise je nach Gr\u00f6\u00dfe und Tr\u00e4germaterial.<\/p>\n<h3>Unsere interaktiven 360\u00b0-Panoramen beinhalten folgenden Standard:<\/h3>\n<ul>\n<li>Alle 360\u00b0-Panoramen werden als sph\u00e4risches Kugelpanorama erstellt. Das hei\u00dft, sowohl der Boden, als auch die Decke\/der Himmel werden komplett abgebildet. Sowohl das Stativ, als auch der Fotograf werden sorgf\u00e4ltig aus dem Bodenbereich (Nadir) entfernt.<\/li>\n<li>Bei Panoramen in R\u00e4umen mit Spiegeln (zum Beispiel der Wandspiegel in B\u00e4dern oder ein Spiegel im Hotelzimmer) wird die mit abgebildete Kamera und der mit abgebildete Fotograf sorgf\u00e4ltig entfernet.<\/li>\n<li>Falls der Kontrastumfang einer \u00d6rtlichkeit es erforderlich macht, werden die Einzelbilder der Panoramen mit unterschiedlichen Belichtungen erstellt.<\/li>\n<li>Der Kunde erwirbt uneingeschr\u00e4nkte Nutzungsrechte, sowohl \u00f6rtlich, als auch zeitlich.<\/li>\n<li>Die Steuerung der Panoramen funktioniert auf g\u00e4ngigen Internetbrowsern. Dies wird auf Desktop-PCs in der Regel mit Flash realisiert. Auf mobilen Endger\u00e4ten erfolgt die Programmierung mit html5.<\/li>\n<li>Auf Wunsch wird ein Kundenlogo in das Panorama eingebettet.<\/li>\n<li>Nach Absprache kann ein individuelles Design der Schaltfl\u00e4chen umgesetzt werden.<\/li>\n<li>Ein Lageplan oder eine Landkarte k\u00f6nnen eingebunden werden.<\/li>\n<li>Alle Bilder werden zus\u00e4tzlich als equirectangulares Bildformat (2:1-Format \/ 360\u00b0x180\u00b0) in unterschiedlichen Aufl\u00f6sungen geliefert.<\/li>\n<li>F\u00fcr die Einbindung in eine bestehende Homepage werden alle ben\u00f6tigten Elemente geliefert.<\/li>\n<li>Die Aufnahmen vor Ort werden mit einer hochwertigen Ausr\u00fcstung hergestellt, um eine hohe und gleichbleibende Pr\u00e4zision zu erreichen.<\/li>\n<\/ul>\n<\/div>\n","protected":false},"excerpt":{"rendered":"<p>Erstellung eines individuellen Angebots f\u00fcr die Fertigung von 360\u00b0-Panoramen oder einer virtuellen Tour: Wir bieten unseren Kunden einen zuverl\u00e4ssigen Service, Top-Qualit\u00e4t und das zu \u00e4u\u00dferst fairen Preisen. Den Preis f\u00fcr eine virtuelle Tour mit 360\u00b0-Panoramen im Vorfeld zu bestimmen, ist ohne vorherige individuelle Beratung\u00a0nicht m\u00f6glich. Seien Sie sich aber sicher, dass Sie bei uns beste [&hellip;]<\/p>\n","protected":false},"author":1,"featured_media":0,"parent":0,"menu_order":1,"comment_status":"closed","ping_status":"closed","template":"templates\/template-page-nosidebar.php","meta":{"footnotes":""},"class_list":["post-215","page","type-page","status-publish","hentry"],"yoast_head":"<!-- This site is optimized with the Yoast SEO plugin v27.5 - https:\/\/yoast.com\/product\/yoast-seo-wordpress\/ -->\n<title>Preise und Angebotserstellung - Aktiv-panorama.de<\/title>\n<meta name=\"description\" content=\"Wieviel kostet die Erstellung eines 360\u00b0-Panoramas oder eine komplette virtuelle Tour? Wir erstellen Ihnen ein individuelles, unverbindliches Angebot\" \/>\n<meta name=\"robots\" content=\"index, follow, max-snippet:-1, max-image-preview:large, max-video-preview:-1\" \/>\n<link rel=\"canonical\" href=\"https:\/\/www.aktiv-panorama.de\/?page_id=215\" \/>\n<meta property=\"og:locale\" content=\"de_DE\" \/>\n<meta property=\"og:type\" content=\"article\" \/>\n<meta property=\"og:title\" content=\"Preise und Angebotserstellung - Aktiv-panorama.de\" \/>\n<meta property=\"og:description\" content=\"Wieviel kostet die Erstellung eines 360\u00b0-Panoramas oder eine komplette virtuelle Tour? Wir erstellen Ihnen ein individuelles, unverbindliches Angebot\" \/>\n<meta property=\"og:url\" content=\"https:\/\/www.aktiv-panorama.de\/?page_id=215\" \/>\n<meta property=\"og:site_name\" content=\"Aktiv-Panorama\" \/>\n<meta property=\"article:modified_time\" content=\"2020-01-04T15:15:33+00:00\" \/>\n<meta name=\"twitter:label1\" content=\"Gesch\u00e4tzte Lesezeit\" \/>\n\t<meta name=\"twitter:data1\" content=\"3\u00a0Minuten\" \/>\n<script type=\"application\/ld+json\" class=\"yoast-schema-graph\">{\"@context\":\"https:\\\/\\\/schema.org\",\"@graph\":[{\"@type\":\"WebPage\",\"@id\":\"https:\\\/\\\/www.aktiv-panorama.de\\\/?page_id=215\",\"url\":\"https:\\\/\\\/www.aktiv-panorama.de\\\/?page_id=215\",\"name\":\"Preise und Angebotserstellung - Aktiv-panorama.de\",\"isPartOf\":{\"@id\":\"https:\\\/\\\/www.aktiv-panorama.de\\\/#website\"},\"datePublished\":\"2014-11-29T16:24:01+00:00\",\"dateModified\":\"2020-01-04T15:15:33+00:00\",\"description\":\"Wieviel kostet die Erstellung eines 360\u00b0-Panoramas oder eine komplette virtuelle Tour? Wir erstellen Ihnen ein individuelles, unverbindliches Angebot\",\"breadcrumb\":{\"@id\":\"https:\\\/\\\/www.aktiv-panorama.de\\\/?page_id=215#breadcrumb\"},\"inLanguage\":\"de\",\"potentialAction\":[{\"@type\":\"ReadAction\",\"target\":[\"https:\\\/\\\/www.aktiv-panorama.de\\\/?page_id=215\"]}]},{\"@type\":\"BreadcrumbList\",\"@id\":\"https:\\\/\\\/www.aktiv-panorama.de\\\/?page_id=215#breadcrumb\",\"itemListElement\":[{\"@type\":\"ListItem\",\"position\":1,\"name\":\"Startseite\",\"item\":\"https:\\\/\\\/www.aktiv-panorama.de\\\/\"},{\"@type\":\"ListItem\",\"position\":2,\"name\":\"Preise\"}]},{\"@type\":\"WebSite\",\"@id\":\"https:\\\/\\\/www.aktiv-panorama.de\\\/#website\",\"url\":\"https:\\\/\\\/www.aktiv-panorama.de\\\/\",\"name\":\"Aktiv-Panorama\",\"description\":\"360\u00b0-Panoramafotografie\",\"publisher\":{\"@id\":\"https:\\\/\\\/www.aktiv-panorama.de\\\/#organization\"},\"potentialAction\":[{\"@type\":\"SearchAction\",\"target\":{\"@type\":\"EntryPoint\",\"urlTemplate\":\"https:\\\/\\\/www.aktiv-panorama.de\\\/?s={search_term_string}\"},\"query-input\":{\"@type\":\"PropertyValueSpecification\",\"valueRequired\":true,\"valueName\":\"search_term_string\"}}],\"inLanguage\":\"de\"},{\"@type\":\"Organization\",\"@id\":\"https:\\\/\\\/www.aktiv-panorama.de\\\/#organization\",\"name\":\"Panorama-Fotografie\",\"url\":\"https:\\\/\\\/www.aktiv-panorama.de\\\/\",\"logo\":{\"@type\":\"ImageObject\",\"inLanguage\":\"de\",\"@id\":\"https:\\\/\\\/www.aktiv-panorama.de\\\/#\\\/schema\\\/logo\\\/image\\\/\",\"url\":\"https:\\\/\\\/i0.wp.com\\\/www.aktiv-panorama.de\\\/wp-content\\\/uploads\\\/2014\\\/11\\\/logo_aktiv-panorama-360_250px.png?fit=250%2C239\",\"contentUrl\":\"https:\\\/\\\/i0.wp.com\\\/www.aktiv-panorama.de\\\/wp-content\\\/uploads\\\/2014\\\/11\\\/logo_aktiv-panorama-360_250px.png?fit=250%2C239\",\"width\":250,\"height\":239,\"caption\":\"Panorama-Fotografie\"},\"image\":{\"@id\":\"https:\\\/\\\/www.aktiv-panorama.de\\\/#\\\/schema\\\/logo\\\/image\\\/\"}}]}<\/script>\n<!-- \/ Yoast SEO plugin. -->","yoast_head_json":{"title":"Preise und Angebotserstellung - Aktiv-panorama.de","description":"Wieviel kostet die Erstellung eines 360\u00b0-Panoramas oder eine komplette virtuelle Tour? Wir erstellen Ihnen ein individuelles, unverbindliches Angebot","robots":{"index":"index","follow":"follow","max-snippet":"max-snippet:-1","max-image-preview":"max-image-preview:large","max-video-preview":"max-video-preview:-1"},"canonical":"https:\/\/www.aktiv-panorama.de\/?page_id=215","og_locale":"de_DE","og_type":"article","og_title":"Preise und Angebotserstellung - Aktiv-panorama.de","og_description":"Wieviel kostet die Erstellung eines 360\u00b0-Panoramas oder eine komplette virtuelle Tour? Wir erstellen Ihnen ein individuelles, unverbindliches Angebot","og_url":"https:\/\/www.aktiv-panorama.de\/?page_id=215","og_site_name":"Aktiv-Panorama","article_modified_time":"2020-01-04T15:15:33+00:00","twitter_misc":{"Gesch\u00e4tzte Lesezeit":"3\u00a0Minuten"},"schema":{"@context":"https:\/\/schema.org","@graph":[{"@type":"WebPage","@id":"https:\/\/www.aktiv-panorama.de\/?page_id=215","url":"https:\/\/www.aktiv-panorama.de\/?page_id=215","name":"Preise und Angebotserstellung - Aktiv-panorama.de","isPartOf":{"@id":"https:\/\/www.aktiv-panorama.de\/#website"},"datePublished":"2014-11-29T16:24:01+00:00","dateModified":"2020-01-04T15:15:33+00:00","description":"Wieviel kostet die Erstellung eines 360\u00b0-Panoramas oder eine komplette virtuelle Tour? Wir erstellen Ihnen ein individuelles, unverbindliches Angebot","breadcrumb":{"@id":"https:\/\/www.aktiv-panorama.de\/?page_id=215#breadcrumb"},"inLanguage":"de","potentialAction":[{"@type":"ReadAction","target":["https:\/\/www.aktiv-panorama.de\/?page_id=215"]}]},{"@type":"BreadcrumbList","@id":"https:\/\/www.aktiv-panorama.de\/?page_id=215#breadcrumb","itemListElement":[{"@type":"ListItem","position":1,"name":"Startseite","item":"https:\/\/www.aktiv-panorama.de\/"},{"@type":"ListItem","position":2,"name":"Preise"}]},{"@type":"WebSite","@id":"https:\/\/www.aktiv-panorama.de\/#website","url":"https:\/\/www.aktiv-panorama.de\/","name":"Aktiv-Panorama","description":"360\u00b0-Panoramafotografie","publisher":{"@id":"https:\/\/www.aktiv-panorama.de\/#organization"},"potentialAction":[{"@type":"SearchAction","target":{"@type":"EntryPoint","urlTemplate":"https:\/\/www.aktiv-panorama.de\/?s={search_term_string}"},"query-input":{"@type":"PropertyValueSpecification","valueRequired":true,"valueName":"search_term_string"}}],"inLanguage":"de"},{"@type":"Organization","@id":"https:\/\/www.aktiv-panorama.de\/#organization","name":"Panorama-Fotografie","url":"https:\/\/www.aktiv-panorama.de\/","logo":{"@type":"ImageObject","inLanguage":"de","@id":"https:\/\/www.aktiv-panorama.de\/#\/schema\/logo\/image\/","url":"https:\/\/i0.wp.com\/www.aktiv-panorama.de\/wp-content\/uploads\/2014\/11\/logo_aktiv-panorama-360_250px.png?fit=250%2C239","contentUrl":"https:\/\/i0.wp.com\/www.aktiv-panorama.de\/wp-content\/uploads\/2014\/11\/logo_aktiv-panorama-360_250px.png?fit=250%2C239","width":250,"height":239,"caption":"Panorama-Fotografie"},"image":{"@id":"https:\/\/www.aktiv-panorama.de\/#\/schema\/logo\/image\/"}}]}},"_links":{"self":[{"href":"https:\/\/www.aktiv-panorama.de\/index.php?rest_route=\/wp\/v2\/pages\/215","targetHints":{"allow":["GET"]}}],"collection":[{"href":"https:\/\/www.aktiv-panorama.de\/index.php?rest_route=\/wp\/v2\/pages"}],"about":[{"href":"https:\/\/www.aktiv-panorama.de\/index.php?rest_route=\/wp\/v2\/types\/page"}],"author":[{"embeddable":true,"href":"https:\/\/www.aktiv-panorama.de\/index.php?rest_route=\/wp\/v2\/users\/1"}],"replies":[{"embeddable":true,"href":"https:\/\/www.aktiv-panorama.de\/index.php?rest_route=%2Fwp%2Fv2%2Fcomments&post=215"}],"version-history":[{"count":0,"href":"https:\/\/www.aktiv-panorama.de\/index.php?rest_route=\/wp\/v2\/pages\/215\/revisions"}],"wp:attachment":[{"href":"https:\/\/www.aktiv-panorama.de\/index.php?rest_route=%2Fwp%2Fv2%2Fmedia&parent=215"}],"curies":[{"name":"wp","href":"https:\/\/api.w.org\/{rel}","templated":true}]}}