{"id":225,"date":"2014-11-29T18:01:42","date_gmt":"2014-11-29T17:01:42","guid":{"rendered":"http:\/\/360.aktiv-panorama.de\/?page_id=225"},"modified":"2020-01-04T18:28:29","modified_gmt":"2020-01-04T16:28:29","slug":"faq-fragen-und-antworten","status":"publish","type":"page","link":"https:\/\/www.aktiv-panorama.de\/?page_id=225","title":{"rendered":"FAQ \u2013 Fragen und Antworten"},"content":{"rendered":"<div class=\"gp-wrap gpcenter gpovh entry-sep bwi-entry-sep\" style=\"\"><\/div>\n<div class=\"gp-wrap gpcenter gpovh accent-bg-nh fp-bf-container\" style=\"\"> <div class=\"gp-container gpcenter gpovh \" style=\"\">\n<h1 class=\"main-desc\" style=\"text-align: center;\"><span style=\"color: #dbdbdb;\">H\u00e4ufige, allgemeine Fragen und Antworten zur Panoramafotografie und ihrer\u00a0Anwendung\u00a0sind hier zusammengestellt<br \/>\n<\/span><\/h1>\n<div class=\"fp-bf-underline tac\" style=\"\"><\/div><\/div><\/div>\n<h3 class=\"g1-toggle__content\" style=\"text-align: justify;\">Was versteht man unter einer Panoramaaufnahme?<\/h3>\n<p style=\"text-align: justify;\">Der Begriff &#8222;<strong>PANORAMA<\/strong>&#8220; leitet sich aus dem Griechischen ab und bedeutet &#8222;<strong>ALLES SEHEN<\/strong>&#8222;.<br \/>\nUnter einer Panoramaaufnahme versteht man ein Bild, das \u00fcber das normale Seitenverh\u00e4ltnis des herk\u00f6mmlichen Bildsensors (3:2 oder 5:4) hinausgeht. Naturgem\u00e4\u00df kann in einem breiten Format auch ein gr\u00f6\u00dferer Bildwinkel erfasst werden. Somit sind Bildwinkel von 180\u00b0 und sogar bis zur Rundumsicht von 360\u00b0 in einer Panoramaaufnahme realisierbar. Auf diese Weise k\u00f6nnen sogar Kugelpanoramen hergestellt werden.<br \/>\nEin typisches Panoramabild zeichnet ein breites (l\u00e4ngliches) Format aus. Diese wird entweder durch die Verwendung eines Weitwinkels erreicht, mit anschlie\u00dfender Beschneidung des oberen und unteren Randes oder durch das Zusammenf\u00fcgen mehrerer einzelner Bilder. Dadurch k\u00f6nnen Bildwinkel bis zu 360\u00b0 entstehen.<\/p>\n<h3 style=\"text-align: justify;\">Wie entstehen Panoramaaufnahmen?<\/h3>\n<p style=\"text-align: justify;\">Bei der einfachste Art, ein Panoramabild zu erstellen, wird eine herk\u00f6mmliche Weitwinkelaufnahme verwendet. Diese Aufnahme wird anschlie\u00dfend oben und unten beschnitten. Jetzt hat man ein Panoramabild. Allerdings wird so die urspr\u00fcngliche Aufl\u00f6sung des Bildes verringert.<br \/>\nDer physikalische Grenzwert eines an den R\u00e4ndern verzerrungsfrei darstellbaren Bildwinkels liegt bei etwa 120\u00b0. Sollen weitere Bildwinkel auf einer Aufnahme abgebildet werden, m\u00fcssen mehrere Einzelbilder zu einer Aufnahme zusammengef\u00fcgt werden (stitching &#8211; zusammenn\u00e4hen). Mit dieser Technik k\u00f6nnen Bildwinkel bis zur Rundumsicht von 360\u00b0 hergestellt werden und es entsteht der typische Panoramaeffekt: Urspr\u00fcnglich gerade horizontale Linien verlaufen in Panoramabilder gebogen.<\/p>\n<h3 style=\"text-align: justify;\">Was versteht man unter einem Kugelpanorama?<\/h3>\n<p style=\"text-align: justify;\">Kugelpanoramen sind Panoramabilder mit einen Bildwinkel von 360\u00b0 in der Breite und 180\u00b0 in der H\u00f6he. Somit werden s\u00e4mtliche Blickwinkel dargestellt, die von einem Standpunkt aus sichtbar sind. Das Seitenverh\u00e4ltnis ist bei diesen Bildern immer 2:1 (360\u00b0:180\u00b0). Das Fl\u00e4chenbild eines Kugelpanoramas wird als\u00a0<strong>equirectangulares Bild<\/strong>\u00a0bezeichnet. Bei der virtuellen Betrachtung wird gerne auch der Begriff\u00a0<strong>sph\u00e4risches Panorama\u00a0<\/strong>verwendet.<\/p>\n<h3 style=\"text-align: justify;\">Was ist eine virtuelle Tour?<\/h3>\n<p style=\"text-align: justify;\">Bei virtuellen Touren werden mehrerer 360\u00b0-Panoramen mittels Hotspots (anklickbare Links in den einzelnen Panoramen) miteinander verbunden. Durch diese Technik wird eine individuelle Begehung durch viele R\u00e4umlichkeiten \/ \u00d6rtlichkeiten erm\u00f6glicht. Die Variationsvielfalt bei der Erstellung solcher Panoramatouren ist fast grenzenlos.<br \/>\nWir erstellen virtuelle Touren ausschlie\u00dflich mit 360\u00b0-Kugelpanoramen. Innerhalb einer virtuellen Tour k\u00f6nnen Einzelbilder und andere mediale Elemente (Videos, PDF, Sound usw.) eingebaut werden.<\/p>\n<h3 style=\"text-align: justify;\">Ben\u00f6tige ich eine spezielle Software f\u00fcr die Darstellung von Panoramen?<\/h3>\n<p style=\"text-align: justify;\">Nein.<br \/>\nF\u00fcr die Darstellung der einzelnen interaktiven und sph\u00e4rischen Panoramen oder virtuellen Touren wird keine spezielle Software ben\u00f6tigt. G\u00e4ngige Internetbrowser sind in der Lage, diese Panoramen interaktiv darzustellen. Selbst auf mobilen Endger\u00e4ten (iPad, iPhone, Android) werden die Panoramen interaktiv dargestellt.<\/p>\n<h3 style=\"text-align: justify;\">Werden hier auch Virtuelle Touren und herk\u00f6mmliche Fotos unserer R\u00e4ume &#8211; auch zusammen mit dem Personal &#8211; in einem Shooting angeboten?<\/h3>\n<p style=\"text-align: justify;\">Selbstverst\u00e4ndlich bieten wir das an.<br \/>\nInnerhalb eines pers\u00f6nlichen Beratungsgespr\u00e4ches k\u00f6nnen wir festlegen, welche R\u00e4ume virtuell abgebildet werden sollen und welcher Aufnahmestandort hierf\u00fcr am Besten ist. Dar\u00fcber hinaus k\u00f6nnen weitere Detailaufnahmen innerhalb der R\u00e4ume oder von anderen interessanten \u00d6rtlichkeiten gemacht werden, die sich ohne weiteres auch in die virtuelle Panorama-Tour integrieren lassen.<br \/>\nAu\u00dferdem besteht die M\u00f6glichkeit, ein portables Studio zum Aufnahmeort mitzubringen, um am selben Tag ein Portrait-Shooting mit den Angestellten durchzuf\u00fchren. Sie ersparen sich dadurch zus\u00e4tzliche Anfahrtskosten.<\/p>\n<h3 style=\"text-align: justify;\">Wirken R\u00e4ume in Panoramen gr\u00f6\u00dfer als in echt?<\/h3>\n<p style=\"text-align: justify;\">Ja! und Nein!<br \/>\nEin abgebildeter Raum innerhalb eines equirectangularen Bildes (also ein gedruckten 360\u00b0-Panorama-Bild) wirkt tats\u00e4chlich gr\u00f6\u00dfer als in echt. Selbst das Innere einer Waschmaschinen-Trommel erreicht hier Dimensionen einer Turnhalle.<\/p>\n<p style=\"text-align: justify;\">R\u00e4ume als interaktive Panoramen werden auf PC-Monitoren allerdings ganz genau so dargestellt wie sie auch in Natur wahrgenommen werden.<\/p>\n<h3 style=\"text-align: justify;\">Ist die Integration sph\u00e4rischer Panoramen auf (m)einer Webseite einfach?<\/h3>\n<p style=\"text-align: justify;\">Ja.<br \/>\nEs wird ein Ordner mit ein paar wenigen Daten geliefert, den Sie &#8211; oder Ihr Webmaster &#8211; einfach in Ihr Webverzeichnis hochladen.<\/p>\n<h3 style=\"text-align: justify;\">Werden die Panoramen auf mobilen Endger\u00e4ten wie iPad, iPhone &amp; Co. korrekt dargestellt?<\/h3>\n<p style=\"text-align: justify;\">Heutzutage k\u00f6nnen alle Panoramabilder auch mit einem iPhone, iPad oder anderen Smartphones und Tablets interaktiv betrachtet werden.<br \/>\nDar\u00fcber hinaus geben wir unsere Panoramen f\u00fcr mobile Endger\u00e4te mit der sog. Gyroskop-Steuerung aus. Probieren Sie es doch einfach mal aus, Sie werden begeistert sein!<\/p>\n<h3 style=\"text-align: justify;\">Wie gro\u00df sind derartige Panoramen und steigen dadurch die Ladezeiten der Internetseite?<\/h3>\n<p style=\"text-align: justify;\">Die von uns gefertigten 360\u00b0-Panoramen haben in der virtuell darstellbaren Version &#8211; je nach Gr\u00f6\u00dfe und Einbindung von weiteren medialen Elementen &#8211; eine Gr\u00f6\u00dfe von ca. 15 bis 25 MB. Die Daten werden als sog. &#8222;multiresolution Panorama&#8220; geliefert. Hier wird bei der virtuellen Darstellung immer nur der Bildbereich geladen, der f\u00fcr den Moment erforderlich ist. Eine weitere Minimierung der Ladezeiten wird\u00a0 durch die Aufteilung\u00a0 der Bilddaten in viele kleine Bildkacheln erm\u00f6glicht. Demzufolge bleiben die Ladezeiten &#8211; auch bei langsamer Internetverbindung &#8211; erfreulich kurz.<\/p>\n<h3 style=\"text-align: justify;\">M\u00fcssen spezielle Vorbereitungen f\u00fcr die Aufnahmen getroffen werden?<\/h3>\n<p style=\"text-align: justify;\">Die meisten \u00d6rtlichkeiten und R\u00e4umlichkeiten mit Publikumsverkehr sind ohnehin sehr ordentlich. Dennoch schadet es nicht, vorher noch einmal alles zurecht zu r\u00fccken und eventuell frische Blumen, frisches Obst auf den Tisch oder den Tresen zu stellen.<br \/>\nKaputte Rolll\u00e4den, die halb herunterh\u00e4ngen, hinterlassen in der Tour auch keine gute Visitenkarte und sollten vorher gerichtet werden.<br \/>\nAllerdings darf der Kunde den realen Ort auch nach einem Besuch der virtuellen Tour wieder erkennen.<\/p>\n<h3 style=\"text-align: justify;\">Wie wird solch ein 360 Grad Panorama erstellt?<\/h3>\n<p style=\"text-align: justify;\">Bei der Panoramafotografie werden mit Hilfe eines speziellen Adapters (Nodalpunkt-Adapter oder No-Paralaxe-Point-Adapter) und einer digitalen Kamera mit speziellen Objektiven (Fisheye oder Weitwinkel) mehrere Aufnahmen eines Raumes bzw. einer \u00d6rtlichkeit gemacht. Diese Aufnahmen werden anschlie\u00dfend mit einer speziellen Software auf dem Computer zu hochaufl\u00f6senden Panoramen zusammengesetzt. Diese Panoramen liegen zun\u00e4chst als flache Projektion vor (equirectangulares Bild). F\u00fcr die Visualisierung auf Monitoren m\u00fcssen deshalb diese Bilder in ein virtuelles (sph\u00e4risches) Panorama konvertiert werden.<\/p>\n<p style=\"text-align: justify;\">Wie, und mit welchem Equipment wir unsere Panoramen erstellen, k\u00f6nnen Sie hier erfahren:\u00a0<a title=\"Technische Ausr\u00fcstung\" href=\"https:\/\/www.aktiv-panorama.de\/technische-ausruestung\/\"><strong>Herstellung, Ausr\u00fcstung und Technik f\u00fcr 360\u00b0-Panoramen<\/strong><\/a><\/p>\n<h3 style=\"text-align: justify;\">Kann das Layout eines Panoramas und einer Tour individuell gestaltet werden?<\/h3>\n<p style=\"text-align: justify;\">Prinzipiell gehen wir auf alle machbaren W\u00fcnsche der Kunden ein. Jeder virtuelle Rundgang wird somit an Ihre individuellen W\u00fcnsche angepasst. Hierbei ist es egal, ob Sie einen Grundriss Ihrer \u00d6rtlichkeiten in der Tour integriert haben wollen oder ob eine dynamische Landkarte die Aufnahmepunkte anzeigt. Es sind auch einblendbare Informationsfelder m\u00f6glich, Musikuntermalung und weitere Detailbilder der \u00d6rtlichkeit.<br \/>\nBei einem pers\u00f6nlichen Gespr\u00e4ch kann alles M\u00f6gliche vorab gekl\u00e4rt werden und es bleiben keine Fragen mehr offen.<\/p>\n<h3 style=\"text-align: justify;\">K\u00f6nnen Bildausschnitte aus den Panoramen als normale Fotos genutzt werden?<\/h3>\n<p style=\"text-align: justify;\">Ja, das ist m\u00f6glich.<br \/>\nAuch Panoramabilder sind gew\u00f6hnliche digitale Bilder, aus denen man jeden beliebigen Bildausschnitt freistellen kann. Als Vorschaubild f\u00fcr das zu \u00f6ffnende Panorama oder die zu \u00f6ffnende virtuelle Tour eignen sich sowohl ein verkleinertes Bild des gesamten Panoramabildes als auch ein Ausschnitt dessen sehr gut.<\/p>\n<p style=\"text-align: justify;\">Es gilt aber zu bedenken, dass bei diesen Bildern horizontale Linien immer gebogen sind und deshalb unnat\u00fcrlich oder merkw\u00fcrdig wirken k\u00f6nnen. Sind f\u00fcr die Webpr\u00e4sentation weitere Detailaufnahmen der R\u00e4umlichkeiten gew\u00fcnscht, fertigen wir solche Aufnahmen\u00a0 zus\u00e4tzlich an. Der optimale Aufnahmeort f\u00fcr einen Singleshot ist meist ein v\u00f6llig anderer als der eines Panoramashots.<\/p>\n<h3 style=\"text-align: justify;\">Wie werden die 360\u00b0-Panoramen ausgeliefert und wie kann ich diese \u00f6ffnen?<\/h3>\n<p>Eine Bestellung beinhaltet folgende Dateien:<\/p>\n<ul>\n<li>equirectangulares Bildmaterial (360\u00b0 \/ 180\u00b0) aller Panoramen<\/li>\n<li>alle Panoramen als interaktive Version<\/li>\n<\/ul>\n<p style=\"text-align: justify;\">Die Lieferung erfolgt entweder auf einer mobilen Festplate oder kann auf von unserem Serverportal als Download-Paket bezogen werden.<\/p>\n<h3 style=\"text-align: justify;\">Welche Vorteile bietet eine HDR-Aufnahme?<\/h3>\n<p style=\"text-align: justify;\">Moderne Spiegelreflexkameras bieten einen Kontrastumfang und eine Farbwiedergabe die man vor einigen Jahren noch noch nicht kannte. Sie kommen aber nicht an das menschliche Sehverm\u00f6gen heran. Allerdings befinden sich in einem 360 Grad Panorama sowohl sehr helle (Sonnenlicht, Lampen, etc.) als auch sehr dunkle (Schatten) Bereiche. Durch mehrere Aufnahmen mit unterschiedlichen Belichtungen k\u00f6nnen diese Unterschiede weitestgehend ausgeglichen werden. Mit der \u00dcberlagerung dieser Aufnahmen mit unterschiedlicher Belichtung erh\u00e4lt man ein Bild mit gesteigertem Kontrastumfang (High Dynamic Range).<\/p>\n<h3 style=\"text-align: justify;\">Was ist ein little-planet?<\/h3>\n<p style=\"text-align: justify;\">Little-Planets zeigen eine Miniwelt in Kugelform. Aus einem sph\u00e4rischen- oder Kugelpanorama kann ganz einfach ein kleiner Planet geformt werden. Man spricht hier von der stereografischen Projektion. Letztendlich kann aus jedem Kugelpanorama dieser Webseite ein little-planet erzeugt werden.<\/p>\n<h3 style=\"text-align: justify;\">Ich m\u00f6chte solch ein little-planet Bild kaufen. Wie funktioniert das?<\/h3>\n<p style=\"text-align: justify;\">Wie bereits zuvor gesagt, kann aus jedem der hier gezeigten Kugelpanoramen ein little-planet erzeugt werden. Aus den meisten \u00d6rtlichkeiten entstehen dadurch \u00e4u\u00dferst faszinierende Ansichten. An die Ausgabegr\u00f6\u00dfe sind kaum Grenzen gesetzt. Selbst bei einer hohen Druckaufl\u00f6sung von 300 DPI sind Ausgabegr\u00f6\u00dfen von 100 x 100 cm kein Problem.<br \/>\nDie Erstellung eines little-planets kostet je nach Aufwand und Ausgabegr\u00f6\u00dfe (in digitaler Form) <strong>150 \u20ac<\/strong> (zzgl. MwSt.)<br \/>\nNehmen Sie mit uns\u00a0<a title=\"Kontaktformular\" href=\"https:\/\/www.aktiv-panorama.de\/impressum\/kontaktformular\/\">Kontakt<\/a>\u00a0auf, wir beraten Sie gerne.<\/p>\n<h3 style=\"text-align: justify;\">Ich habe Darstellungsprobleme mit mobilen Endger\u00e4ten<\/h3>\n<p style=\"text-align: justify;\">Der Internetauftritt von AKTIV-Panorama wurde f\u00fcr nahezu alle Browser und Monitorgr\u00f6\u00dfen optimiert. Das Design ist responsiv. Trotz aller Bem\u00fchungen werden die interaktiven 360\u00b0-Panoramen in der Panoramabox nicht immer korrekt dargestellt. Mitunter kommt es sogar zu Fehlermeldungen des Panoramaplayers. \u00d6ffnen Sie deshalb die interaktiven Panoramen nicht \u00fcber das Vorschaubild, sondern \u00fcber die zugeh\u00f6rige \u00dcberschrift. Dadurch \u00f6ffnet sich das Panorama nicht in einer Panobox, sondern in einem separaten Browserfenster.<\/p>\n<p style=\"text-align: justify;\">Mit dieser Einstellung auf Android-Smartphones kann das Ansichtsproblem auch gel\u00f6st werden:<\/p>\n<p style=\"text-align: justify;\"><strong>Unter Android:<\/strong><br \/>\nErzwingen Sie die Darstellung der Webseite als Desktop-PC. \u00d6ffnen Sie hierzu innerhalb Ihres Browsers das Kontextmen\u00fc und setzen ein H\u00e4kchen bei &#8222;<strong>Desktop-Ansicht<\/strong>&#8222;. Danach werden auch die interaktiven Panoramen korrekt dargestellt.<\/p>\n","protected":false},"excerpt":{"rendered":"<p>Was versteht man unter einer Panoramaaufnahme? Der Begriff &#8222;PANORAMA&#8220; leitet sich aus dem Griechischen ab und bedeutet &#8222;ALLES SEHEN&#8222;. Unter einer Panoramaaufnahme versteht man ein Bild, das \u00fcber das normale Seitenverh\u00e4ltnis des herk\u00f6mmlichen Bildsensors (3:2 oder 5:4) hinausgeht. Naturgem\u00e4\u00df kann in einem breiten Format auch ein gr\u00f6\u00dferer Bildwinkel erfasst werden. Somit sind Bildwinkel von 180\u00b0 [&hellip;]<\/p>\n","protected":false},"author":1,"featured_media":927,"parent":0,"menu_order":7,"comment_status":"closed","ping_status":"closed","template":"templates\/template-page-nosidebar.php","meta":{"footnotes":""},"class_list":["post-225","page","type-page","status-publish","has-post-thumbnail","hentry"],"yoast_head":"<!-- This site is optimized with the Yoast SEO plugin v27.5 - https:\/\/yoast.com\/product\/yoast-seo-wordpress\/ -->\n<title>FAQ - Fragen und Antworten zur Panorama-Fotografie<\/title>\n<meta name=\"description\" content=\"Haben Sie Fragen zur Panoramafotografie? M\u00f6chten Sie weitere Einzelheiten zu unseren Panoramen wissen? Hier geben wir die Antworten auf die h\u00e4ufigsten Fragen\" \/>\n<meta name=\"robots\" content=\"index, follow, max-snippet:-1, max-image-preview:large, max-video-preview:-1\" \/>\n<link rel=\"canonical\" href=\"https:\/\/www.aktiv-panorama.de\/?page_id=225\" \/>\n<meta property=\"og:locale\" content=\"de_DE\" \/>\n<meta property=\"og:type\" content=\"article\" \/>\n<meta property=\"og:title\" content=\"FAQ - Fragen und Antworten zur Panorama-Fotografie\" \/>\n<meta property=\"og:description\" content=\"Haben Sie Fragen zur Panoramafotografie? M\u00f6chten Sie weitere Einzelheiten zu unseren Panoramen wissen? Hier geben wir die Antworten auf die h\u00e4ufigsten Fragen\" \/>\n<meta property=\"og:url\" content=\"https:\/\/www.aktiv-panorama.de\/?page_id=225\" \/>\n<meta property=\"og:site_name\" content=\"Aktiv-Panorama\" \/>\n<meta property=\"article:modified_time\" content=\"2020-01-04T16:28:29+00:00\" \/>\n<meta property=\"og:image\" content=\"https:\/\/www.aktiv-panorama.de\/wp-content\/uploads\/2014\/11\/Vorschau-Ibiza-Blick-zum-Hafen-bei-Nacht_11.jpg\" \/>\n\t<meta property=\"og:image:width\" content=\"1200\" \/>\n\t<meta property=\"og:image:height\" content=\"600\" \/>\n\t<meta property=\"og:image:type\" content=\"image\/jpeg\" \/>\n<meta name=\"twitter:label1\" content=\"Gesch\u00e4tzte Lesezeit\" \/>\n\t<meta name=\"twitter:data1\" content=\"8\u00a0Minuten\" \/>\n<script type=\"application\/ld+json\" class=\"yoast-schema-graph\">{\"@context\":\"https:\\\/\\\/schema.org\",\"@graph\":[{\"@type\":\"WebPage\",\"@id\":\"https:\\\/\\\/www.aktiv-panorama.de\\\/?page_id=225\",\"url\":\"https:\\\/\\\/www.aktiv-panorama.de\\\/?page_id=225\",\"name\":\"FAQ - Fragen und Antworten zur Panorama-Fotografie\",\"isPartOf\":{\"@id\":\"https:\\\/\\\/www.aktiv-panorama.de\\\/#website\"},\"primaryImageOfPage\":{\"@id\":\"https:\\\/\\\/www.aktiv-panorama.de\\\/?page_id=225#primaryimage\"},\"image\":{\"@id\":\"https:\\\/\\\/www.aktiv-panorama.de\\\/?page_id=225#primaryimage\"},\"thumbnailUrl\":\"https:\\\/\\\/www.aktiv-panorama.de\\\/wp-content\\\/uploads\\\/2014\\\/11\\\/Vorschau-Ibiza-Blick-zum-Hafen-bei-Nacht_11.jpg\",\"datePublished\":\"2014-11-29T17:01:42+00:00\",\"dateModified\":\"2020-01-04T16:28:29+00:00\",\"description\":\"Haben Sie Fragen zur Panoramafotografie? M\u00f6chten Sie weitere Einzelheiten zu unseren Panoramen wissen? Hier geben wir die Antworten auf die h\u00e4ufigsten Fragen\",\"breadcrumb\":{\"@id\":\"https:\\\/\\\/www.aktiv-panorama.de\\\/?page_id=225#breadcrumb\"},\"inLanguage\":\"de\",\"potentialAction\":[{\"@type\":\"ReadAction\",\"target\":[\"https:\\\/\\\/www.aktiv-panorama.de\\\/?page_id=225\"]}]},{\"@type\":\"ImageObject\",\"inLanguage\":\"de\",\"@id\":\"https:\\\/\\\/www.aktiv-panorama.de\\\/?page_id=225#primaryimage\",\"url\":\"https:\\\/\\\/www.aktiv-panorama.de\\\/wp-content\\\/uploads\\\/2014\\\/11\\\/Vorschau-Ibiza-Blick-zum-Hafen-bei-Nacht_11.jpg\",\"contentUrl\":\"https:\\\/\\\/www.aktiv-panorama.de\\\/wp-content\\\/uploads\\\/2014\\\/11\\\/Vorschau-Ibiza-Blick-zum-Hafen-bei-Nacht_11.jpg\",\"width\":1200,\"height\":600,\"caption\":\"Ibiza Stadt - der Hafen bei Nacht in einer Mondscheinatmosph\u00e4re\"},{\"@type\":\"BreadcrumbList\",\"@id\":\"https:\\\/\\\/www.aktiv-panorama.de\\\/?page_id=225#breadcrumb\",\"itemListElement\":[{\"@type\":\"ListItem\",\"position\":1,\"name\":\"Startseite\",\"item\":\"https:\\\/\\\/www.aktiv-panorama.de\\\/\"},{\"@type\":\"ListItem\",\"position\":2,\"name\":\"FAQ \u2013 Fragen und Antworten\"}]},{\"@type\":\"WebSite\",\"@id\":\"https:\\\/\\\/www.aktiv-panorama.de\\\/#website\",\"url\":\"https:\\\/\\\/www.aktiv-panorama.de\\\/\",\"name\":\"Aktiv-Panorama\",\"description\":\"360\u00b0-Panoramafotografie\",\"publisher\":{\"@id\":\"https:\\\/\\\/www.aktiv-panorama.de\\\/#organization\"},\"potentialAction\":[{\"@type\":\"SearchAction\",\"target\":{\"@type\":\"EntryPoint\",\"urlTemplate\":\"https:\\\/\\\/www.aktiv-panorama.de\\\/?s={search_term_string}\"},\"query-input\":{\"@type\":\"PropertyValueSpecification\",\"valueRequired\":true,\"valueName\":\"search_term_string\"}}],\"inLanguage\":\"de\"},{\"@type\":\"Organization\",\"@id\":\"https:\\\/\\\/www.aktiv-panorama.de\\\/#organization\",\"name\":\"Panorama-Fotografie\",\"url\":\"https:\\\/\\\/www.aktiv-panorama.de\\\/\",\"logo\":{\"@type\":\"ImageObject\",\"inLanguage\":\"de\",\"@id\":\"https:\\\/\\\/www.aktiv-panorama.de\\\/#\\\/schema\\\/logo\\\/image\\\/\",\"url\":\"https:\\\/\\\/i0.wp.com\\\/www.aktiv-panorama.de\\\/wp-content\\\/uploads\\\/2014\\\/11\\\/logo_aktiv-panorama-360_250px.png?fit=250%2C239\",\"contentUrl\":\"https:\\\/\\\/i0.wp.com\\\/www.aktiv-panorama.de\\\/wp-content\\\/uploads\\\/2014\\\/11\\\/logo_aktiv-panorama-360_250px.png?fit=250%2C239\",\"width\":250,\"height\":239,\"caption\":\"Panorama-Fotografie\"},\"image\":{\"@id\":\"https:\\\/\\\/www.aktiv-panorama.de\\\/#\\\/schema\\\/logo\\\/image\\\/\"}}]}<\/script>\n<!-- \/ Yoast SEO plugin. -->","yoast_head_json":{"title":"FAQ - Fragen und Antworten zur Panorama-Fotografie","description":"Haben Sie Fragen zur Panoramafotografie? M\u00f6chten Sie weitere Einzelheiten zu unseren Panoramen wissen? Hier geben wir die Antworten auf die h\u00e4ufigsten Fragen","robots":{"index":"index","follow":"follow","max-snippet":"max-snippet:-1","max-image-preview":"max-image-preview:large","max-video-preview":"max-video-preview:-1"},"canonical":"https:\/\/www.aktiv-panorama.de\/?page_id=225","og_locale":"de_DE","og_type":"article","og_title":"FAQ - Fragen und Antworten zur Panorama-Fotografie","og_description":"Haben Sie Fragen zur Panoramafotografie? M\u00f6chten Sie weitere Einzelheiten zu unseren Panoramen wissen? Hier geben wir die Antworten auf die h\u00e4ufigsten Fragen","og_url":"https:\/\/www.aktiv-panorama.de\/?page_id=225","og_site_name":"Aktiv-Panorama","article_modified_time":"2020-01-04T16:28:29+00:00","og_image":[{"width":1200,"height":600,"url":"https:\/\/www.aktiv-panorama.de\/wp-content\/uploads\/2014\/11\/Vorschau-Ibiza-Blick-zum-Hafen-bei-Nacht_11.jpg","type":"image\/jpeg"}],"twitter_misc":{"Gesch\u00e4tzte Lesezeit":"8\u00a0Minuten"},"schema":{"@context":"https:\/\/schema.org","@graph":[{"@type":"WebPage","@id":"https:\/\/www.aktiv-panorama.de\/?page_id=225","url":"https:\/\/www.aktiv-panorama.de\/?page_id=225","name":"FAQ - Fragen und Antworten zur Panorama-Fotografie","isPartOf":{"@id":"https:\/\/www.aktiv-panorama.de\/#website"},"primaryImageOfPage":{"@id":"https:\/\/www.aktiv-panorama.de\/?page_id=225#primaryimage"},"image":{"@id":"https:\/\/www.aktiv-panorama.de\/?page_id=225#primaryimage"},"thumbnailUrl":"https:\/\/www.aktiv-panorama.de\/wp-content\/uploads\/2014\/11\/Vorschau-Ibiza-Blick-zum-Hafen-bei-Nacht_11.jpg","datePublished":"2014-11-29T17:01:42+00:00","dateModified":"2020-01-04T16:28:29+00:00","description":"Haben Sie Fragen zur Panoramafotografie? M\u00f6chten Sie weitere Einzelheiten zu unseren Panoramen wissen? Hier geben wir die Antworten auf die h\u00e4ufigsten Fragen","breadcrumb":{"@id":"https:\/\/www.aktiv-panorama.de\/?page_id=225#breadcrumb"},"inLanguage":"de","potentialAction":[{"@type":"ReadAction","target":["https:\/\/www.aktiv-panorama.de\/?page_id=225"]}]},{"@type":"ImageObject","inLanguage":"de","@id":"https:\/\/www.aktiv-panorama.de\/?page_id=225#primaryimage","url":"https:\/\/www.aktiv-panorama.de\/wp-content\/uploads\/2014\/11\/Vorschau-Ibiza-Blick-zum-Hafen-bei-Nacht_11.jpg","contentUrl":"https:\/\/www.aktiv-panorama.de\/wp-content\/uploads\/2014\/11\/Vorschau-Ibiza-Blick-zum-Hafen-bei-Nacht_11.jpg","width":1200,"height":600,"caption":"Ibiza Stadt - der Hafen bei Nacht in einer Mondscheinatmosph\u00e4re"},{"@type":"BreadcrumbList","@id":"https:\/\/www.aktiv-panorama.de\/?page_id=225#breadcrumb","itemListElement":[{"@type":"ListItem","position":1,"name":"Startseite","item":"https:\/\/www.aktiv-panorama.de\/"},{"@type":"ListItem","position":2,"name":"FAQ \u2013 Fragen und Antworten"}]},{"@type":"WebSite","@id":"https:\/\/www.aktiv-panorama.de\/#website","url":"https:\/\/www.aktiv-panorama.de\/","name":"Aktiv-Panorama","description":"360\u00b0-Panoramafotografie","publisher":{"@id":"https:\/\/www.aktiv-panorama.de\/#organization"},"potentialAction":[{"@type":"SearchAction","target":{"@type":"EntryPoint","urlTemplate":"https:\/\/www.aktiv-panorama.de\/?s={search_term_string}"},"query-input":{"@type":"PropertyValueSpecification","valueRequired":true,"valueName":"search_term_string"}}],"inLanguage":"de"},{"@type":"Organization","@id":"https:\/\/www.aktiv-panorama.de\/#organization","name":"Panorama-Fotografie","url":"https:\/\/www.aktiv-panorama.de\/","logo":{"@type":"ImageObject","inLanguage":"de","@id":"https:\/\/www.aktiv-panorama.de\/#\/schema\/logo\/image\/","url":"https:\/\/i0.wp.com\/www.aktiv-panorama.de\/wp-content\/uploads\/2014\/11\/logo_aktiv-panorama-360_250px.png?fit=250%2C239","contentUrl":"https:\/\/i0.wp.com\/www.aktiv-panorama.de\/wp-content\/uploads\/2014\/11\/logo_aktiv-panorama-360_250px.png?fit=250%2C239","width":250,"height":239,"caption":"Panorama-Fotografie"},"image":{"@id":"https:\/\/www.aktiv-panorama.de\/#\/schema\/logo\/image\/"}}]}},"_links":{"self":[{"href":"https:\/\/www.aktiv-panorama.de\/index.php?rest_route=\/wp\/v2\/pages\/225","targetHints":{"allow":["GET"]}}],"collection":[{"href":"https:\/\/www.aktiv-panorama.de\/index.php?rest_route=\/wp\/v2\/pages"}],"about":[{"href":"https:\/\/www.aktiv-panorama.de\/index.php?rest_route=\/wp\/v2\/types\/page"}],"author":[{"embeddable":true,"href":"https:\/\/www.aktiv-panorama.de\/index.php?rest_route=\/wp\/v2\/users\/1"}],"replies":[{"embeddable":true,"href":"https:\/\/www.aktiv-panorama.de\/index.php?rest_route=%2Fwp%2Fv2%2Fcomments&post=225"}],"version-history":[{"count":0,"href":"https:\/\/www.aktiv-panorama.de\/index.php?rest_route=\/wp\/v2\/pages\/225\/revisions"}],"wp:featuredmedia":[{"embeddable":true,"href":"https:\/\/www.aktiv-panorama.de\/index.php?rest_route=\/wp\/v2\/media\/927"}],"wp:attachment":[{"href":"https:\/\/www.aktiv-panorama.de\/index.php?rest_route=%2Fwp%2Fv2%2Fmedia&parent=225"}],"curies":[{"name":"wp","href":"https:\/\/api.w.org\/{rel}","templated":true}]}}