{"id":9473,"date":"2019-04-02T11:48:46","date_gmt":"2019-04-02T09:48:46","guid":{"rendered":"https:\/\/www.aktiv-panorama.de\/?page_id=9473"},"modified":"2019-10-06T18:39:10","modified_gmt":"2019-10-06T16:39:10","slug":"timelapse-zeitraffer-filme","status":"publish","type":"page","link":"https:\/\/www.aktiv-panorama.de\/?page_id=9473","title":{"rendered":"Timelapse &#8211; Zeitraffer-Filme"},"content":{"rendered":"<div class=\"gp-wrap gpcenter gpovh entry-sep bwi-entry-sep\" style=\"\"><\/div>\n<div class=\"gp-wrap gpcenter gpovh accent-bg-nh fp-bf-container\" style=\"\"> <div class=\"gp-container gpcenter gpovh \" style=\"\">\n\n\n\n<h1 style=\"text-align:center\" class=\"main-desc wp-block-heading\"><span style=\"color: #dbdbdb;\"><strong>Timelapse &#8211; Zeitraffer<\/strong>-Filme <\/span><\/h1>\n\n\n<div class=\"fp-bf-underline tac\" style=\"\"><\/div><\/div><\/div>\n\n\n<h3 style=\"text-align: center;\"><span style=\"color: #6f5d4d;\">Mit dieser besonderen Aufnahmetechnik lassen sich langsam abspielende \u00c4nderungen in der Natur mit einer beschleunigten Abspielgeschwindigkeit in einem Video eindrucksvoll pr\u00e4sentieren.<\/span><\/h3>\n\n<div class=\"gp-wrap gpcenter gpovh entry-sep bwi-entry-sep\" style=\"\"><\/div>\n\n\n<div class=\"gp-container gpcenter gpovh \" style=\"\">\n\n\n\n<p>Zeitraffer-Videos sind aber nicht nur schnell abgespielte Videos, sondern vielmehr eine faszinierende Facette der Fotografie. Es ist n\u00e4mlich nicht so,&nbsp;&nbsp;dass hier eine Filmkamera stundenlang l\u00e4uft und der Film dann viel schneller abgespielt wird. Nein \u2013 es wird eine Fotokamera eingesetzt, die in regelm\u00e4\u00dfigen Abst\u00e4nden Aufnahmen macht, die dann zu einem Video zusammengestellt und innerhalb eines Bruchteils des Aufnahmezeitraums wiedergegeben werden.<\/p>\n\n\n\n<p>Ich betrachte diese Art der Fotografie auch als eine Art der <strong>Panorama-Fotografie<\/strong>. \u201e<strong>Panorama<\/strong>&#8220; hei\u00dft \u00fcbersetzt \u201e<strong>alles sehen<\/strong>\u201c. Genau das ist es, was uns die Timelapse Fotografie vermittelt. Wir sehen Naturereignisse in einer Sichtweise, die wir ohne den beschleunigten Ablauf nicht wahrnehmen w\u00fcrden.<\/p>\n\n\n\n<p>Beispiele sind:<\/p>\n\n\n\n<ul class=\"wp-block-list\"><li>das Aufbl\u00fchen von Pflanzen<\/li><li>ein Sonnenuntergang oder Sonnenaufgang<\/li><li>der Wechsel vom Tag in die Nacht <\/li><li>das Ziehen von Wolken, ob schnell oder langsam<\/li><li>die Ver\u00e4nderung des Himmels \u00fcber einen l\u00e4ngeren Zeitraum<\/li><li>Aufbau einer Veranstaltung<\/li><\/ul>\n\n\n\n<p>Solche Momente sind in einem Zeitraffer-Film f\u00fcr den Betrachter deutlich eindrucksvoller und faszinierender, als dieselbe Szene im realen Tempo. So ist doch ein Sonnenuntergang, bei dem man sieht, wie die Sonne hinter dem Horizont verschwindet und in einem letzten Aufblitzen die \u00bbBlaue Stunde\u00ab einl\u00e4utet, viel sch\u00f6ner als ein normales Foto eines Sonnenuntergangs.<\/p>\n\n\n\n<p>Die folgenden Filme machen das deutlich:<\/p>\n\n\n<\/div>\n\n\n<!-- content block 10360 starts here -->\r\n<div class=\"gp-container gpovh gpcenter \" style=\"\">\r\n<!-- Column 1starts here -->\r\n<div class=\"gp-cblk gp-col-100 \" style=\"\">\r\n<p><div class=\"gp-wrap gpcenter gpovh entry-sep bwi-entry-sep\" style=\"\"><\/div><div class=\"gp-wrap gpcenter gpovh accent-bg-nh fp-bf-container\" style=\"\"> <div class=\"gp-container gpcenter gpovh \" style=\"\"><\/p>\n<h2 style=\"text-align: center;\"><span style=\"color: #dbdbdb;\">Timelapse &#8211; aktives Stuttgart<\/span><\/h2>\n<p><iframe loading=\"lazy\" title=\"Timelapse - aktives Stuttgart\" width=\"640\" height=\"360\" src=\"https:\/\/www.youtube.com\/embed\/XpIYu9M1ttw?feature=oembed\" frameborder=\"0\" allow=\"accelerometer; autoplay; clipboard-write; encrypted-media; gyroscope; picture-in-picture; web-share\" referrerpolicy=\"strict-origin-when-cross-origin\" allowfullscreen><\/iframe><\/p>\n<p><div class=\"fp-bf-underline tac\" style=\"\"><\/div><\/div><\/div><br \/>\n<div class=\"gp-wrap gpcenter gpovh accent-bg-nh fp-bf-container\" style=\"\"> <div class=\"gp-container gpcenter gpovh \" style=\"\"><\/p>\n<h5 style=\"text-align: left;\"><span style=\"color: #dbdbdb;\">Musik von Dag Reinbott \/ <a style=\"color: #dbdbdb;\" href=\"https:\/\/www.terrasound.de\">https:\/\/www.terrasound.de<\/a><\/span><\/h5>\n<p style=\"text-align: left;\"><div class=\"fp-bf-underline tac\" style=\"\"><\/div><\/div><\/div><\/p>\n\r\n<\/div>\r\n<!-- Column 1ends here -->\r\n<\/div>\r\n<!-- Content block 10360 ends here -->\r\n\n\n\n<!-- content block 9480 starts here -->\r\n<div class=\"gp-wrap gpovh \" style=\"\">\r\n<!-- Column 1starts here -->\r\n<div class=\"gp-cblk gp-col-31 \" style=\"\">\r\n<p><div class=\"gp-wrap gpcenter gpovh entry-sep bwi-entry-sep\" style=\"\"><\/div><div class=\"gp-wrap gpcenter gpovh accent-bg-nh fp-bf-container\" style=\"\"> <div class=\"gp-container gpcenter gpovh \" style=\"\"><\/p>\n<h2 style=\"text-align: center;\"><span style=\"color: #dbdbdb;\">Stuttgart in Motion<\/span><\/h2>\n<p><iframe loading=\"lazy\" title=\"Stuttgart in Motion\" width=\"640\" height=\"360\" src=\"https:\/\/www.youtube.com\/embed\/KxyGyO21yC0?feature=oembed\" frameborder=\"0\" allow=\"accelerometer; autoplay; clipboard-write; encrypted-media; gyroscope; picture-in-picture; web-share\" referrerpolicy=\"strict-origin-when-cross-origin\" allowfullscreen><\/iframe><\/p>\n<p><div class=\"fp-bf-underline tac\" style=\"\"><\/div><\/div><\/div><br \/>\n<div class=\"gp-wrap gpcenter gpovh accent-bg-nh fp-bf-container\" style=\"\"> <div class=\"gp-container gpcenter gpovh \" style=\"\"><\/p>\n<h5 style=\"text-align: left;\"><span style=\"color: #dbdbdb;\">Musiktitel \/ von Dag Reinbott \/ <a style=\"color: #dbdbdb;\" href=\"https:\/\/www.terrasound.de\">https:\/\/www.terrasound.de<\/a><\/span><\/h5>\n<p style=\"text-align: left;\"><div class=\"fp-bf-underline tac\" style=\"\"><\/div><\/div><\/div><\/p>\n<p>&nbsp;<\/p>\n\r\n<\/div>\r\n<!-- Column 1ends here -->\r\n<!-- Column 2starts here -->\r\n<div class=\"gp-cblk gp-col-31 gppush3 \" style=\"\">\r\n<p><div class=\"gp-wrap gpcenter gpovh entry-sep bwi-entry-sep\" style=\"\"><\/div><div class=\"gp-wrap gpcenter gpovh accent-bg-nh fp-bf-container\" style=\"\"> <div class=\"gp-container gpcenter gpovh \" style=\"\"><\/p>\n<h2 style=\"text-align: center;\"><span style=\"color: #dbdbdb;\">Sail away mit der AIDAnova<\/span><\/h2>\n<p><iframe loading=\"lazy\" title=\"Sail away mit der AIDAnova\" width=\"640\" height=\"360\" src=\"https:\/\/www.youtube.com\/embed\/0Wg528Ydk48?feature=oembed\" frameborder=\"0\" allow=\"accelerometer; autoplay; clipboard-write; encrypted-media; gyroscope; picture-in-picture; web-share\" referrerpolicy=\"strict-origin-when-cross-origin\" allowfullscreen><\/iframe><\/p>\n<p><div class=\"fp-bf-underline tac\" style=\"\"><\/div><\/div><\/div><br \/>\n<div class=\"gp-wrap gpcenter gpovh accent-bg-nh fp-bf-container\" style=\"\"> <div class=\"gp-container gpcenter gpovh \" style=\"\"><\/p>\n<h5 style=\"text-align: left;\"><span style=\"color: #dbdbdb;\">Musiktitel \/ Orinoco Flow von Enya \/\u00a0<a style=\"color: #dbdbdb;\" href=\"https:\/\/enya.com\/music\">https:\/\/enya.com\/music<\/a><\/span><\/h5>\n<p style=\"text-align: left;\"><div class=\"fp-bf-underline tac\" style=\"\"><\/div><\/div><\/div><\/p>\n\r\n<\/div>\r\n<!-- Column 2ends here -->\r\n<!-- Column 3starts here -->\r\n<div class=\"gp-cblk gp-col-31 gppush3 \" style=\"\">\r\n<p><div class=\"gp-wrap gpcenter gpovh entry-sep bwi-entry-sep\" style=\"\"><\/div><div class=\"gp-wrap gpcenter gpovh accent-bg-nh fp-bf-container\" style=\"\"> <div class=\"gp-container gpcenter gpovh \" style=\"\"><\/p>\n<h2 style=\"text-align: center;\"><span style=\"color: #dbdbdb;\">Graffiti von Blaze und QYA in der Hall of Fame in Stuttgart<\/span><\/h2>\n<p><iframe loading=\"lazy\" title=\"Graffiti von Blaze und QYA in der Hall of Fame in Stuttgart\" width=\"640\" height=\"360\" src=\"https:\/\/www.youtube.com\/embed\/R3MHREDcKm8?feature=oembed\" frameborder=\"0\" allow=\"accelerometer; autoplay; clipboard-write; encrypted-media; gyroscope; picture-in-picture; web-share\" referrerpolicy=\"strict-origin-when-cross-origin\" allowfullscreen><\/iframe><\/p>\n<p><div class=\"fp-bf-underline tac\" style=\"\"><\/div><\/div><\/div><br \/>\n<div class=\"gp-wrap gpcenter gpovh accent-bg-nh fp-bf-container\" style=\"\"> <div class=\"gp-container gpcenter gpovh \" style=\"\"><\/p>\n<h5 style=\"text-align: left;\"><span style=\"color: #dbdbdb;\">Musiktitel von <a style=\"color: #dbdbdb;\" href=\"https:\/\/soundcloud.com\/etienne-zweig\">Ed-IT &#8211; Tagwerk2 (Ode an die Mutterstadt)<\/a><\/span><\/h5>\n<p style=\"text-align: left;\"><div class=\"fp-bf-underline tac\" style=\"\"><\/div><\/div><\/div><\/p>\n<p>&nbsp;<\/p>\n\r\n<\/div>\r\n<!-- Column 3ends here -->\r\n<\/div>\r\n<!-- Content block 9480 ends here -->\r\n\n","protected":false},"excerpt":{"rendered":"<p>Mit dieser besonderen Aufnahmetechnik lassen sich langsam abspielende \u00c4nderungen in der Natur mit einer beschleunigten Abspielgeschwindigkeit in einem Video eindrucksvoll pr\u00e4sentieren.<\/p>\n","protected":false},"author":1,"featured_media":0,"parent":0,"menu_order":2,"comment_status":"closed","ping_status":"closed","template":"templates\/template-page-full.php","meta":{"footnotes":""},"class_list":["post-9473","page","type-page","status-publish","hentry"],"yoast_head":"<!-- This site is optimized with the Yoast SEO plugin v27.6 - https:\/\/yoast.com\/product\/yoast-seo-wordpress\/ -->\n<title>Timelapse - Zeitraffer-Filme von aktiv-panorama.de<\/title>\n<meta name=\"description\" content=\"Mit Timelapse (Zeitraffer-Filmen) lassen sich langsame \u00c4nderungen in der Natur mit einer beschleunigten Abspielgeschwindigkeit in einem Video eindrucksvoll pr\u00e4sentieren\" \/>\n<meta name=\"robots\" content=\"index, follow, max-snippet:-1, max-image-preview:large, max-video-preview:-1\" \/>\n<link rel=\"canonical\" href=\"https:\/\/www.aktiv-panorama.de\/?page_id=9473\" \/>\n<meta property=\"og:locale\" content=\"de_DE\" \/>\n<meta property=\"og:type\" content=\"article\" \/>\n<meta property=\"og:title\" content=\"Timelapse - Zeitraffer-Filme von aktiv-panorama.de\" \/>\n<meta property=\"og:description\" content=\"Mit Timelapse (Zeitraffer-Filmen) lassen sich langsame \u00c4nderungen in der Natur mit einer beschleunigten Abspielgeschwindigkeit in einem Video eindrucksvoll pr\u00e4sentieren\" \/>\n<meta property=\"og:url\" content=\"https:\/\/www.aktiv-panorama.de\/?page_id=9473\" \/>\n<meta property=\"og:site_name\" content=\"Aktiv-Panorama\" \/>\n<meta property=\"article:modified_time\" content=\"2019-10-06T16:39:10+00:00\" \/>\n<meta name=\"twitter:label1\" content=\"Gesch\u00e4tzte Lesezeit\" \/>\n\t<meta name=\"twitter:data1\" content=\"1\u00a0Minute\" \/>\n<script type=\"application\/ld+json\" class=\"yoast-schema-graph\">{\"@context\":\"https:\\\/\\\/schema.org\",\"@graph\":[{\"@type\":\"WebPage\",\"@id\":\"https:\\\/\\\/www.aktiv-panorama.de\\\/?page_id=9473\",\"url\":\"https:\\\/\\\/www.aktiv-panorama.de\\\/?page_id=9473\",\"name\":\"Timelapse - Zeitraffer-Filme von aktiv-panorama.de\",\"isPartOf\":{\"@id\":\"https:\\\/\\\/www.aktiv-panorama.de\\\/#website\"},\"datePublished\":\"2019-04-02T09:48:46+00:00\",\"dateModified\":\"2019-10-06T16:39:10+00:00\",\"description\":\"Mit Timelapse (Zeitraffer-Filmen) lassen sich langsame \u00c4nderungen in der Natur mit einer beschleunigten Abspielgeschwindigkeit in einem Video eindrucksvoll pr\u00e4sentieren\",\"breadcrumb\":{\"@id\":\"https:\\\/\\\/www.aktiv-panorama.de\\\/?page_id=9473#breadcrumb\"},\"inLanguage\":\"de\",\"potentialAction\":[{\"@type\":\"ReadAction\",\"target\":[\"https:\\\/\\\/www.aktiv-panorama.de\\\/?page_id=9473\"]}]},{\"@type\":\"BreadcrumbList\",\"@id\":\"https:\\\/\\\/www.aktiv-panorama.de\\\/?page_id=9473#breadcrumb\",\"itemListElement\":[{\"@type\":\"ListItem\",\"position\":1,\"name\":\"Startseite\",\"item\":\"https:\\\/\\\/www.aktiv-panorama.de\\\/\"},{\"@type\":\"ListItem\",\"position\":2,\"name\":\"Timelapse &#8211; Zeitraffer-Filme\"}]},{\"@type\":\"WebSite\",\"@id\":\"https:\\\/\\\/www.aktiv-panorama.de\\\/#website\",\"url\":\"https:\\\/\\\/www.aktiv-panorama.de\\\/\",\"name\":\"Aktiv-Panorama\",\"description\":\"360\u00b0-Panoramafotografie\",\"publisher\":{\"@id\":\"https:\\\/\\\/www.aktiv-panorama.de\\\/#organization\"},\"potentialAction\":[{\"@type\":\"SearchAction\",\"target\":{\"@type\":\"EntryPoint\",\"urlTemplate\":\"https:\\\/\\\/www.aktiv-panorama.de\\\/?s={search_term_string}\"},\"query-input\":{\"@type\":\"PropertyValueSpecification\",\"valueRequired\":true,\"valueName\":\"search_term_string\"}}],\"inLanguage\":\"de\"},{\"@type\":\"Organization\",\"@id\":\"https:\\\/\\\/www.aktiv-panorama.de\\\/#organization\",\"name\":\"Panorama-Fotografie\",\"url\":\"https:\\\/\\\/www.aktiv-panorama.de\\\/\",\"logo\":{\"@type\":\"ImageObject\",\"inLanguage\":\"de\",\"@id\":\"https:\\\/\\\/www.aktiv-panorama.de\\\/#\\\/schema\\\/logo\\\/image\\\/\",\"url\":\"https:\\\/\\\/i0.wp.com\\\/www.aktiv-panorama.de\\\/wp-content\\\/uploads\\\/2014\\\/11\\\/logo_aktiv-panorama-360_250px.png?fit=250%2C239\",\"contentUrl\":\"https:\\\/\\\/i0.wp.com\\\/www.aktiv-panorama.de\\\/wp-content\\\/uploads\\\/2014\\\/11\\\/logo_aktiv-panorama-360_250px.png?fit=250%2C239\",\"width\":250,\"height\":239,\"caption\":\"Panorama-Fotografie\"},\"image\":{\"@id\":\"https:\\\/\\\/www.aktiv-panorama.de\\\/#\\\/schema\\\/logo\\\/image\\\/\"}}]}<\/script>\n<!-- \/ Yoast SEO plugin. -->","yoast_head_json":{"title":"Timelapse - Zeitraffer-Filme von aktiv-panorama.de","description":"Mit Timelapse (Zeitraffer-Filmen) lassen sich langsame \u00c4nderungen in der Natur mit einer beschleunigten Abspielgeschwindigkeit in einem Video eindrucksvoll pr\u00e4sentieren","robots":{"index":"index","follow":"follow","max-snippet":"max-snippet:-1","max-image-preview":"max-image-preview:large","max-video-preview":"max-video-preview:-1"},"canonical":"https:\/\/www.aktiv-panorama.de\/?page_id=9473","og_locale":"de_DE","og_type":"article","og_title":"Timelapse - Zeitraffer-Filme von aktiv-panorama.de","og_description":"Mit Timelapse (Zeitraffer-Filmen) lassen sich langsame \u00c4nderungen in der Natur mit einer beschleunigten Abspielgeschwindigkeit in einem Video eindrucksvoll pr\u00e4sentieren","og_url":"https:\/\/www.aktiv-panorama.de\/?page_id=9473","og_site_name":"Aktiv-Panorama","article_modified_time":"2019-10-06T16:39:10+00:00","twitter_misc":{"Gesch\u00e4tzte Lesezeit":"1\u00a0Minute"},"schema":{"@context":"https:\/\/schema.org","@graph":[{"@type":"WebPage","@id":"https:\/\/www.aktiv-panorama.de\/?page_id=9473","url":"https:\/\/www.aktiv-panorama.de\/?page_id=9473","name":"Timelapse - Zeitraffer-Filme von aktiv-panorama.de","isPartOf":{"@id":"https:\/\/www.aktiv-panorama.de\/#website"},"datePublished":"2019-04-02T09:48:46+00:00","dateModified":"2019-10-06T16:39:10+00:00","description":"Mit Timelapse (Zeitraffer-Filmen) lassen sich langsame \u00c4nderungen in der Natur mit einer beschleunigten Abspielgeschwindigkeit in einem Video eindrucksvoll pr\u00e4sentieren","breadcrumb":{"@id":"https:\/\/www.aktiv-panorama.de\/?page_id=9473#breadcrumb"},"inLanguage":"de","potentialAction":[{"@type":"ReadAction","target":["https:\/\/www.aktiv-panorama.de\/?page_id=9473"]}]},{"@type":"BreadcrumbList","@id":"https:\/\/www.aktiv-panorama.de\/?page_id=9473#breadcrumb","itemListElement":[{"@type":"ListItem","position":1,"name":"Startseite","item":"https:\/\/www.aktiv-panorama.de\/"},{"@type":"ListItem","position":2,"name":"Timelapse &#8211; Zeitraffer-Filme"}]},{"@type":"WebSite","@id":"https:\/\/www.aktiv-panorama.de\/#website","url":"https:\/\/www.aktiv-panorama.de\/","name":"Aktiv-Panorama","description":"360\u00b0-Panoramafotografie","publisher":{"@id":"https:\/\/www.aktiv-panorama.de\/#organization"},"potentialAction":[{"@type":"SearchAction","target":{"@type":"EntryPoint","urlTemplate":"https:\/\/www.aktiv-panorama.de\/?s={search_term_string}"},"query-input":{"@type":"PropertyValueSpecification","valueRequired":true,"valueName":"search_term_string"}}],"inLanguage":"de"},{"@type":"Organization","@id":"https:\/\/www.aktiv-panorama.de\/#organization","name":"Panorama-Fotografie","url":"https:\/\/www.aktiv-panorama.de\/","logo":{"@type":"ImageObject","inLanguage":"de","@id":"https:\/\/www.aktiv-panorama.de\/#\/schema\/logo\/image\/","url":"https:\/\/i0.wp.com\/www.aktiv-panorama.de\/wp-content\/uploads\/2014\/11\/logo_aktiv-panorama-360_250px.png?fit=250%2C239","contentUrl":"https:\/\/i0.wp.com\/www.aktiv-panorama.de\/wp-content\/uploads\/2014\/11\/logo_aktiv-panorama-360_250px.png?fit=250%2C239","width":250,"height":239,"caption":"Panorama-Fotografie"},"image":{"@id":"https:\/\/www.aktiv-panorama.de\/#\/schema\/logo\/image\/"}}]}},"_links":{"self":[{"href":"https:\/\/www.aktiv-panorama.de\/index.php?rest_route=\/wp\/v2\/pages\/9473","targetHints":{"allow":["GET"]}}],"collection":[{"href":"https:\/\/www.aktiv-panorama.de\/index.php?rest_route=\/wp\/v2\/pages"}],"about":[{"href":"https:\/\/www.aktiv-panorama.de\/index.php?rest_route=\/wp\/v2\/types\/page"}],"author":[{"embeddable":true,"href":"https:\/\/www.aktiv-panorama.de\/index.php?rest_route=\/wp\/v2\/users\/1"}],"replies":[{"embeddable":true,"href":"https:\/\/www.aktiv-panorama.de\/index.php?rest_route=%2Fwp%2Fv2%2Fcomments&post=9473"}],"version-history":[{"count":0,"href":"https:\/\/www.aktiv-panorama.de\/index.php?rest_route=\/wp\/v2\/pages\/9473\/revisions"}],"wp:attachment":[{"href":"https:\/\/www.aktiv-panorama.de\/index.php?rest_route=%2Fwp%2Fv2%2Fmedia&parent=9473"}],"curies":[{"name":"wp","href":"https:\/\/api.w.org\/{rel}","templated":true}]}}